{"id":32275,"date":"2025-01-11T10:00:16","date_gmt":"2025-03-21T08:30:18","guid":{"rendered":"https:\/\/reyma-mobiliario.com\/?post_type=product&#038;p=32275"},"modified":"2025-03-21T10:22:06","modified_gmt":"2025-03-21T09:22:06","slug":"chaise-slovenia","status":"publish","type":"product","link":"https:\/\/reyma-mobiliario.com\/fr\/productos\/chaise-slovenia\/","title":{"rendered":"Chaise Slovenia"},"content":{"rendered":"<p>Nouveau mod\u00e8le de chaise en bois de h\u00eatre, adapt\u00e9 \u00e0 tout si\u00e8ge tapiss\u00e9 de type \u00ab\u00a0\u00e1tico\u00a0\u00bb.<\/p>\n","protected":false},"excerpt":{"rendered":"<p><strong>Poids<\/strong> : 6,00 kg<\/p>\n<p><strong>Mat\u00e9riaux<\/strong> :<br \/>\nStructure en bois de h\u00eatre.<br \/>\nRev\u00eatement :<\/p>\n<p>Tissu : Mekong, Vesubio, Terracota ou Zafiro<br \/>\nP.U. : Indiana, Panam\u00e1, Bleu, Gris, Vert, Moutarde, Tuile, Sable, \u00c9meraude ou C\u00e9leste<br \/>\n<strong>Dimensions<\/strong> :<br \/>\n<img loading=\"lazy\" decoding=\"async\" class=\"alignnone size-full wp-image-11924\" src=\"https:\/\/reyma-mobiliario.com\/wp-content\/uploads\/2025\/03\/2025-slovenia-silla.jpg\" alt=\"Dimensions chaise Slovenia REYMA\" width=\"120\" height=\"120\" \/><\/p>\n","protected":false},"featured_media":32304,"template":"","meta":[],"product_brand":[],"product_cat":[1121,2099,1114,1123,1126],"product_tag":[1347,1360,2079,2338],"class_list":{"0":"post-32275","1":"product","2":"type-product","3":"status-publish","4":"has-post-thumbnail","6":"product_cat-chaises-dinterieur","7":"product_cat-chaises-en-bois","8":"product_cat-interieur","9":"product_cat-nouveaute","10":"product_cat-nouvelles-dinterieur","11":"product_tag-chaises","12":"product_tag-chaises-dinterieur","13":"product_tag-nouveau-2025","14":"product_tag-serie-slovenia-fr","16":"first","17":"instock","18":"shipping-taxable","19":"purchasable","20":"product-type-variable"},"aioseo_notices":[],"_links":{"self":[{"href":"https:\/\/reyma-mobiliario.com\/fr\/wp-json\/wp\/v2\/product\/32275","targetHints":{"allow":["GET"]}}],"collection":[{"href":"https:\/\/reyma-mobiliario.com\/fr\/wp-json\/wp\/v2\/product"}],"about":[{"href":"https:\/\/reyma-mobiliario.com\/fr\/wp-json\/wp\/v2\/types\/product"}],"wp:featuredmedia":[{"embeddable":true,"href":"https:\/\/reyma-mobiliario.com\/fr\/wp-json\/wp\/v2\/media\/32304"}],"wp:attachment":[{"href":"https:\/\/reyma-mobiliario.com\/fr\/wp-json\/wp\/v2\/media?parent=32275"}],"wp:term":[{"taxonomy":"product_brand","embeddable":true,"href":"https:\/\/reyma-mobiliario.com\/fr\/wp-json\/wp\/v2\/product_brand?post=32275"},{"taxonomy":"product_cat","embeddable":true,"href":"https:\/\/reyma-mobiliario.com\/fr\/wp-json\/wp\/v2\/product_cat?post=32275"},{"taxonomy":"product_tag","embeddable":true,"href":"https:\/\/reyma-mobiliario.com\/fr\/wp-json\/wp\/v2\/product_tag?post=32275"}],"curies":[{"name":"wp","href":"https:\/\/api.w.org\/{rel}","templated":true}]}}