{"id":32426,"date":"2025-01-19T10:00:07","date_gmt":"2025-01-19T09:00:07","guid":{"rendered":"https:\/\/reyma-mobiliario.com\/?post_type=product&#038;p=32426"},"modified":"2026-03-24T13:48:30","modified_gmt":"2026-03-24T12:48:30","slug":"chaise-de-bar-sinfonia","status":"publish","type":"product","link":"https:\/\/reyma-mobiliario.com\/fr\/productos\/chaise-de-bar-sinfonia\/","title":{"rendered":"Chaise de bar Sinfon\u00eda"},"content":{"rendered":"<p>Chaise de bar en bois de h\u00eatre avec dossier et assise tapiss\u00e9s.<\/p>\n","protected":false},"excerpt":{"rendered":"<p><strong>Poids<\/strong>: 8,00 kg<\/p>\n<p><strong>Mat\u00e9riaux<\/strong>:<br \/>\nStructure en bois de h\u00eatre.<br \/>\nRepose-pieds m\u00e9tallique.<br \/>\nAssise et dossier tapiss\u00e9s P.U. : Teja, Arena, Esmeralda ou Celeste.<\/p>\n<p><strong>Dimensions<\/strong>:<br \/>\n<img loading=\"lazy\" decoding=\"async\" class=\"alignnone size-full wp-image-11924\" src=\"https:\/\/reyma-mobiliario.com\/wp-content\/uploads\/2025\/03\/2025-sinfonia-banqueta.jpg\" alt=\"Dimensiones banqueta Sinfon\u00eda REYMA\" width=\"120\" height=\"120\" \/><\/p>\n","protected":false},"featured_media":32433,"template":"","meta":[],"product_brand":[],"product_cat":[1114,1116,2145],"product_tag":[2079,2328,1147],"class_list":{"0":"post-32426","1":"product","2":"type-product","3":"status-publish","4":"has-post-thumbnail","6":"product_cat-interieur","7":"product_cat-tabouret-dinterieur","8":"product_cat-tabouret-en-bois","9":"product_tag-nouveau-2025","10":"product_tag-serie-sinfonia-fr","11":"product_tag-tabourets","13":"first","14":"instock","15":"shipping-taxable","16":"purchasable","17":"product-type-variable"},"aioseo_notices":[],"_links":{"self":[{"href":"https:\/\/reyma-mobiliario.com\/fr\/wp-json\/wp\/v2\/product\/32426","targetHints":{"allow":["GET"]}}],"collection":[{"href":"https:\/\/reyma-mobiliario.com\/fr\/wp-json\/wp\/v2\/product"}],"about":[{"href":"https:\/\/reyma-mobiliario.com\/fr\/wp-json\/wp\/v2\/types\/product"}],"wp:featuredmedia":[{"embeddable":true,"href":"https:\/\/reyma-mobiliario.com\/fr\/wp-json\/wp\/v2\/media\/32433"}],"wp:attachment":[{"href":"https:\/\/reyma-mobiliario.com\/fr\/wp-json\/wp\/v2\/media?parent=32426"}],"wp:term":[{"taxonomy":"product_brand","embeddable":true,"href":"https:\/\/reyma-mobiliario.com\/fr\/wp-json\/wp\/v2\/product_brand?post=32426"},{"taxonomy":"product_cat","embeddable":true,"href":"https:\/\/reyma-mobiliario.com\/fr\/wp-json\/wp\/v2\/product_cat?post=32426"},{"taxonomy":"product_tag","embeddable":true,"href":"https:\/\/reyma-mobiliario.com\/fr\/wp-json\/wp\/v2\/product_tag?post=32426"}],"curies":[{"name":"wp","href":"https:\/\/api.w.org\/{rel}","templated":true}]}}