{"id":32617,"date":"2025-01-16T10:00:39","date_gmt":"2025-03-21T12:45:40","guid":{"rendered":"https:\/\/reyma-mobiliario.com\/?post_type=product&#038;p=32617"},"modified":"2025-06-19T12:25:12","modified_gmt":"2025-06-19T10:25:12","slug":"chaise-cracovia-in-grillage","status":"publish","type":"product","link":"https:\/\/reyma-mobiliario.com\/fr\/productos\/chaise-cracovia-in-grillage\/","title":{"rendered":"Chaise Cracovia IN grillage"},"content":{"rendered":"<p>Chaise aux lignes courbes, avec une assise ronde \u00d843 rembourr\u00e9e et un dossier en grillage osier osier.<\/p>\n","protected":false},"excerpt":{"rendered":"<p><strong>Poids<\/strong> : 3,80 Kg<\/p>\n<p><strong>Mat\u00e9riaux<\/strong> :<br \/>\nStructure en aluminium peint en noyer clair d\u00e9co<br \/>\nDossier en Grillage osier Atlas<br \/>\nAssise int\u00e9rieure \u00d843 Rembourr\u00e9e : Saphir, M\u00e9kong, V\u00e9suve ou Terre cuite.<\/p>\n<p><strong>Dimensions<\/strong> :<br \/>\n<img loading=\"lazy\" decoding=\"async\" class=\"alignnone size-full wp-image-11924\" src=\"https:\/\/reyma-mobiliario.com\/wp-content\/uploads\/2025\/03\/2025-cracovia-silla.jpg\" alt=\"Dimensions Chaise Cracovia REYMA\" width=\"120\" height=\"120\" \/><\/p>\n","protected":false},"featured_media":32633,"template":"","meta":[],"product_brand":[],"product_cat":[1121,2098,1114,1123,1126],"product_tag":[2079,2255],"class_list":{"0":"post-32617","1":"product","2":"type-product","3":"status-publish","4":"has-post-thumbnail","6":"product_cat-chaises-dinterieur","7":"product_cat-chaises-en-metal","8":"product_cat-interieur","9":"product_cat-nouveaute","10":"product_cat-nouvelles-dinterieur","11":"product_tag-nouveau-2025","12":"product_tag-serie-cracovia-fr","14":"first","15":"instock","16":"shipping-taxable","17":"purchasable","18":"product-type-variable"},"aioseo_notices":[],"_links":{"self":[{"href":"https:\/\/reyma-mobiliario.com\/fr\/wp-json\/wp\/v2\/product\/32617","targetHints":{"allow":["GET"]}}],"collection":[{"href":"https:\/\/reyma-mobiliario.com\/fr\/wp-json\/wp\/v2\/product"}],"about":[{"href":"https:\/\/reyma-mobiliario.com\/fr\/wp-json\/wp\/v2\/types\/product"}],"wp:featuredmedia":[{"embeddable":true,"href":"https:\/\/reyma-mobiliario.com\/fr\/wp-json\/wp\/v2\/media\/32633"}],"wp:attachment":[{"href":"https:\/\/reyma-mobiliario.com\/fr\/wp-json\/wp\/v2\/media?parent=32617"}],"wp:term":[{"taxonomy":"product_brand","embeddable":true,"href":"https:\/\/reyma-mobiliario.com\/fr\/wp-json\/wp\/v2\/product_brand?post=32617"},{"taxonomy":"product_cat","embeddable":true,"href":"https:\/\/reyma-mobiliario.com\/fr\/wp-json\/wp\/v2\/product_cat?post=32617"},{"taxonomy":"product_tag","embeddable":true,"href":"https:\/\/reyma-mobiliario.com\/fr\/wp-json\/wp\/v2\/product_tag?post=32617"}],"curies":[{"name":"wp","href":"https:\/\/api.w.org\/{rel}","templated":true}]}}