{"id":32649,"date":"2023-12-30T10:00:40","date_gmt":"2023-12-30T09:00:40","guid":{"rendered":"https:\/\/reyma-mobiliario.com\/?post_type=product&#038;p=32649"},"modified":"2026-03-13T09:52:57","modified_gmt":"2026-03-13T08:52:57","slug":"chaise-cracovia-in-textilene","status":"publish","type":"product","link":"https:\/\/reyma-mobiliario.com\/fr\/productos\/chaise-cracovia-in-textilene\/","title":{"rendered":"Chaise Cracovia IN textilene"},"content":{"rendered":"<p>Chaise aux lignes courbes et assise ronde de \u00d843 avec dossier en textil\u00e8ne.<\/p>\n","protected":false},"excerpt":{"rendered":"<p><strong>Poids<\/strong>: 3,95 kg<\/p>\n<p><strong>Mat\u00e9riaux<\/strong>:<br \/>\nStructure en aluminium peint d\u00e9co noyer clair<br \/>\nDossier en Textil\u00e8ne Soho ou Textil\u00e8ne Soho noir<br \/>\nAssise pour ext\u00e9rieur \u00d843 Tapiss\u00e9e : Saphir, Terracotta, Mekong ou Vesubio.<\/p>\n<p><strong>Dimensions<\/strong>:<br \/>\n<img loading=\"lazy\" decoding=\"async\" class=\"alignnone size-full wp-image-11924\" src=\"https:\/\/reyma-mobiliario.com\/wp-content\/uploads\/2025\/03\/2025-cracovia-silla.jpg\" alt=\"Dimensions Chaise Cracovia REYMA\" width=\"120\" height=\"120\" \/><\/p>\n","protected":false},"featured_media":32676,"template":"","meta":[],"product_brand":[],"product_cat":[2098,1114],"product_tag":[2079,2255],"class_list":{"0":"post-32649","1":"product","2":"type-product","3":"status-publish","4":"has-post-thumbnail","6":"product_cat-chaises-en-metal","7":"product_cat-interieur","8":"product_tag-nouveau-2025","9":"product_tag-serie-cracovia-fr","11":"first","12":"instock","13":"featured","14":"shipping-taxable","15":"purchasable","16":"product-type-variable"},"aioseo_notices":[],"_links":{"self":[{"href":"https:\/\/reyma-mobiliario.com\/fr\/wp-json\/wp\/v2\/product\/32649","targetHints":{"allow":["GET"]}}],"collection":[{"href":"https:\/\/reyma-mobiliario.com\/fr\/wp-json\/wp\/v2\/product"}],"about":[{"href":"https:\/\/reyma-mobiliario.com\/fr\/wp-json\/wp\/v2\/types\/product"}],"wp:featuredmedia":[{"embeddable":true,"href":"https:\/\/reyma-mobiliario.com\/fr\/wp-json\/wp\/v2\/media\/32676"}],"wp:attachment":[{"href":"https:\/\/reyma-mobiliario.com\/fr\/wp-json\/wp\/v2\/media?parent=32649"}],"wp:term":[{"taxonomy":"product_brand","embeddable":true,"href":"https:\/\/reyma-mobiliario.com\/fr\/wp-json\/wp\/v2\/product_brand?post=32649"},{"taxonomy":"product_cat","embeddable":true,"href":"https:\/\/reyma-mobiliario.com\/fr\/wp-json\/wp\/v2\/product_cat?post=32649"},{"taxonomy":"product_tag","embeddable":true,"href":"https:\/\/reyma-mobiliario.com\/fr\/wp-json\/wp\/v2\/product_tag?post=32649"}],"curies":[{"name":"wp","href":"https:\/\/api.w.org\/{rel}","templated":true}]}}