{"id":32705,"date":"2025-01-22T10:00:55","date_gmt":"2025-01-22T09:00:55","guid":{"rendered":"https:\/\/reyma-mobiliario.com\/?post_type=product&#038;p=32705"},"modified":"2026-01-21T14:35:59","modified_gmt":"2026-01-21T13:35:59","slug":"chaise-innsbruck-in","status":"publish","type":"product","link":"https:\/\/reyma-mobiliario.com\/fr\/productos\/chaise-innsbruck-in\/","title":{"rendered":"Chaise Innsbruck IN"},"content":{"rendered":"<p>Chaise pour l&rsquo;h\u00f4tellerie avec dossier en osier tiss\u00e9 \u00e0 la main et assise tapiss\u00e9e<\/p>\n","protected":false},"excerpt":{"rendered":"<p><strong>Poids<\/strong>: 3,80 kg<\/p>\n<p><strong>Mat\u00e9riaux<\/strong>:<br \/>\nStructure en aluminium peint en ch\u00eane naturel deco ou noyer clair deco<br \/>\nDossier en osier Atlas tiss\u00e9 \u00e0 la main<br \/>\nAssise \u00d843 tapiss\u00e9e : Mekong, Vesubio, Terracotta ou Saphir.<\/p>\n<p><strong>Dimensions<\/strong>:<br \/>\n<img loading=\"lazy\" decoding=\"async\" class=\"alignnone size-full wp-image-11924\" src=\"https:\/\/reyma-mobiliario.com\/wp-content\/uploads\/2025\/03\/2025-innsbruck-silla.jpg\" alt=\"Dimensions Chaise Innsbruck REYMA\" width=\"120\" height=\"120\" \/><\/p>\n","protected":false},"featured_media":32725,"template":"","meta":[],"product_brand":[],"product_cat":[1121,2098,1114,1123,1126],"product_tag":[1347,2079,2240],"class_list":{"0":"post-32705","1":"product","2":"type-product","3":"status-publish","4":"has-post-thumbnail","6":"product_cat-chaises-dinterieur","7":"product_cat-chaises-en-metal","8":"product_cat-interieur","9":"product_cat-nouveaute","10":"product_cat-nouvelles-dinterieur","11":"product_tag-chaises","12":"product_tag-nouveau-2025","13":"product_tag-serie-innsbruck-fr","15":"first","16":"instock","17":"shipping-taxable","18":"purchasable","19":"product-type-variable"},"aioseo_notices":[],"_links":{"self":[{"href":"https:\/\/reyma-mobiliario.com\/fr\/wp-json\/wp\/v2\/product\/32705","targetHints":{"allow":["GET"]}}],"collection":[{"href":"https:\/\/reyma-mobiliario.com\/fr\/wp-json\/wp\/v2\/product"}],"about":[{"href":"https:\/\/reyma-mobiliario.com\/fr\/wp-json\/wp\/v2\/types\/product"}],"wp:featuredmedia":[{"embeddable":true,"href":"https:\/\/reyma-mobiliario.com\/fr\/wp-json\/wp\/v2\/media\/32725"}],"wp:attachment":[{"href":"https:\/\/reyma-mobiliario.com\/fr\/wp-json\/wp\/v2\/media?parent=32705"}],"wp:term":[{"taxonomy":"product_brand","embeddable":true,"href":"https:\/\/reyma-mobiliario.com\/fr\/wp-json\/wp\/v2\/product_brand?post=32705"},{"taxonomy":"product_cat","embeddable":true,"href":"https:\/\/reyma-mobiliario.com\/fr\/wp-json\/wp\/v2\/product_cat?post=32705"},{"taxonomy":"product_tag","embeddable":true,"href":"https:\/\/reyma-mobiliario.com\/fr\/wp-json\/wp\/v2\/product_tag?post=32705"}],"curies":[{"name":"wp","href":"https:\/\/api.w.org\/{rel}","templated":true}]}}