{"id":32765,"date":"2024-12-23T10:00:37","date_gmt":"2024-12-23T09:00:37","guid":{"rendered":"https:\/\/reyma-mobiliario.com\/?post_type=product&#038;p=32765"},"modified":"2026-03-23T11:33:37","modified_gmt":"2026-03-23T10:33:37","slug":"chaise-new-verdi-in","status":"publish","type":"product","link":"https:\/\/reyma-mobiliario.com\/fr\/productos\/chaise-new-verdi-in\/","title":{"rendered":"Chaise New Verdi IN"},"content":{"rendered":"<p>Nouvelle version avec dossier en osier tiss\u00e9 \u00e0 la main et assise tapiss\u00e9e.<\/p>\n","protected":false},"excerpt":{"rendered":"<p><strong>Poids<\/strong>: 4,90 kg<\/p>\n<p><strong>Mat\u00e9riaux<\/strong>:<br \/>\nCadre en aluminium peint ch\u00eane naturel et maille en rotin<br \/>\nCadre en aluminium peint noyer clair et maille en rotin<br \/>\nCadre en aluminium peint noir et maille en rotin cr\u00e8me.<\/p>\n<p>Assise \u00d843 tapiss\u00e9e : Mekong, Vesubio, Saphir ou Terracotta.<\/p>\n<p><strong>Dimensions<\/strong>:<br \/>\n<img loading=\"lazy\" decoding=\"async\" class=\"alignnone size-full wp-image-11924\" src=\"https:\/\/reyma-mobiliario.com\/wp-content\/uploads\/2025\/03\/2025-new-verdi-silla.jpg\" alt=\"Dimensiones Silla New Verdi REYMA\" width=\"120\" height=\"120\" \/><\/p>\n","protected":false},"featured_media":32778,"template":"","meta":[],"product_brand":[],"product_cat":[1121,2098,1114],"product_tag":[1347,2079,2246],"class_list":{"0":"post-32765","1":"product","2":"type-product","3":"status-publish","4":"has-post-thumbnail","6":"product_cat-chaises-dinterieur","7":"product_cat-chaises-en-metal","8":"product_cat-interieur","9":"product_tag-chaises","10":"product_tag-nouveau-2025","11":"product_tag-serie-new-verdi-fr","13":"first","14":"instock","15":"shipping-taxable","16":"purchasable","17":"product-type-variable"},"aioseo_notices":[],"_links":{"self":[{"href":"https:\/\/reyma-mobiliario.com\/fr\/wp-json\/wp\/v2\/product\/32765","targetHints":{"allow":["GET"]}}],"collection":[{"href":"https:\/\/reyma-mobiliario.com\/fr\/wp-json\/wp\/v2\/product"}],"about":[{"href":"https:\/\/reyma-mobiliario.com\/fr\/wp-json\/wp\/v2\/types\/product"}],"wp:featuredmedia":[{"embeddable":true,"href":"https:\/\/reyma-mobiliario.com\/fr\/wp-json\/wp\/v2\/media\/32778"}],"wp:attachment":[{"href":"https:\/\/reyma-mobiliario.com\/fr\/wp-json\/wp\/v2\/media?parent=32765"}],"wp:term":[{"taxonomy":"product_brand","embeddable":true,"href":"https:\/\/reyma-mobiliario.com\/fr\/wp-json\/wp\/v2\/product_brand?post=32765"},{"taxonomy":"product_cat","embeddable":true,"href":"https:\/\/reyma-mobiliario.com\/fr\/wp-json\/wp\/v2\/product_cat?post=32765"},{"taxonomy":"product_tag","embeddable":true,"href":"https:\/\/reyma-mobiliario.com\/fr\/wp-json\/wp\/v2\/product_tag?post=32765"}],"curies":[{"name":"wp","href":"https:\/\/api.w.org\/{rel}","templated":true}]}}