{"id":32874,"date":"2024-12-22T10:00:37","date_gmt":"2024-12-22T09:00:37","guid":{"rendered":"https:\/\/reyma-mobiliario.com\/?post_type=product&#038;p=32874"},"modified":"2026-03-23T11:33:29","modified_gmt":"2026-03-23T10:33:29","slug":"chaise-de-bar-new-verdi-in","status":"publish","type":"product","link":"https:\/\/reyma-mobiliario.com\/fr\/productos\/chaise-de-bar-new-verdi-in\/","title":{"rendered":"Chaise de bar New Verdi IN"},"content":{"rendered":"<p>Nouvelle version chaise de bar avec dossier en osier tiss\u00e9 \u00e0 la main et assise tapiss\u00e9e.<\/p>\n","protected":false},"excerpt":{"rendered":"<p><strong>Poids<\/strong>: 5,30 kg<\/p>\n<p><strong>Mat\u00e9riaux<\/strong>:<br \/>\nCadre en aluminium peint ch\u00eane naturel et maille en rotin<br \/>\nCadre en aluminium peint noyer clair et maille en rotin<br \/>\nCadre en aluminium peint noir et maille en rotin cr\u00e8me.<\/p>\n<p>Assise \u00d843 tapiss\u00e9e : Mekong, Vesubio, Saphir ou Terracotta.<\/p>\n<p><strong>Dimensions<\/strong>:<br \/>\n<img loading=\"lazy\" decoding=\"async\" class=\"alignnone size-full wp-image-11924\" src=\"https:\/\/reyma-mobiliario.com\/wp-content\/uploads\/2025\/03\/2025-new-verdi-banqueta_.jpg\" alt=\"Dimensiones chaise de bar New Verdi REYMA\" width=\"120\" height=\"120\" \/><\/p>\n","protected":false},"featured_media":32922,"template":"","meta":[],"product_brand":[],"product_cat":[1114,2146],"product_tag":[2079,2246],"class_list":{"0":"post-32874","1":"product","2":"type-product","3":"status-publish","4":"has-post-thumbnail","6":"product_cat-interieur","7":"product_cat-tabouret-en-metal","8":"product_tag-nouveau-2025","9":"product_tag-serie-new-verdi-fr","11":"first","12":"instock","13":"shipping-taxable","14":"purchasable","15":"product-type-variable"},"aioseo_notices":[],"_links":{"self":[{"href":"https:\/\/reyma-mobiliario.com\/fr\/wp-json\/wp\/v2\/product\/32874","targetHints":{"allow":["GET"]}}],"collection":[{"href":"https:\/\/reyma-mobiliario.com\/fr\/wp-json\/wp\/v2\/product"}],"about":[{"href":"https:\/\/reyma-mobiliario.com\/fr\/wp-json\/wp\/v2\/types\/product"}],"wp:featuredmedia":[{"embeddable":true,"href":"https:\/\/reyma-mobiliario.com\/fr\/wp-json\/wp\/v2\/media\/32922"}],"wp:attachment":[{"href":"https:\/\/reyma-mobiliario.com\/fr\/wp-json\/wp\/v2\/media?parent=32874"}],"wp:term":[{"taxonomy":"product_brand","embeddable":true,"href":"https:\/\/reyma-mobiliario.com\/fr\/wp-json\/wp\/v2\/product_brand?post=32874"},{"taxonomy":"product_cat","embeddable":true,"href":"https:\/\/reyma-mobiliario.com\/fr\/wp-json\/wp\/v2\/product_cat?post=32874"},{"taxonomy":"product_tag","embeddable":true,"href":"https:\/\/reyma-mobiliario.com\/fr\/wp-json\/wp\/v2\/product_tag?post=32874"}],"curies":[{"name":"wp","href":"https:\/\/api.w.org\/{rel}","templated":true}]}}