{"id":33059,"date":"2024-12-08T10:00:02","date_gmt":"2024-12-08T09:00:02","guid":{"rendered":"https:\/\/reyma-mobiliario.com\/?post_type=product&#038;p=33059"},"modified":"2026-03-23T12:26:22","modified_gmt":"2026-03-23T11:26:22","slug":"chaise-hamburgo-plus","status":"publish","type":"product","link":"https:\/\/reyma-mobiliario.com\/fr\/productos\/chaise-hamburgo-plus\/","title":{"rendered":"Chaise Hamburgo Plus"},"content":{"rendered":"<p>Nouvelle version am\u00e9lior\u00e9e en qualit\u00e9 et design avec si\u00e8ge rembourr\u00e9.<\/p>\n","protected":false},"excerpt":{"rendered":"<p><strong>Poids<\/strong>: 5,00 kg<\/p>\n<p><strong>Mat\u00e9riaux<\/strong>:<br \/>\nStructure en bois de h\u00eatre, verni couleur noyer<br \/>\nRev\u00eatement P.U. : Teja, Arena, Esmeralda, Celeste ou Panam\u00e1<\/p>\n<p><strong>Dimensions<\/strong>:<br \/>\n<img loading=\"lazy\" decoding=\"async\" class=\"alignnone size-full wp-image-11924\" src=\"https:\/\/reyma-mobiliario.com\/wp-content\/uploads\/2025\/03\/2025-hamburgo-plus-silla.jpg\" alt=\"Dimensions chaise Hamburgo Plus REYMA\" width=\"120\" height=\"120\" \/><\/p>\n","protected":false},"featured_media":33090,"template":"","meta":[],"product_brand":[],"product_cat":[1121,2099,1114],"product_tag":[1347,1360,2079,2348],"class_list":{"0":"post-33059","1":"product","2":"type-product","3":"status-publish","4":"has-post-thumbnail","6":"product_cat-chaises-dinterieur","7":"product_cat-chaises-en-bois","8":"product_cat-interieur","9":"product_tag-chaises","10":"product_tag-chaises-dinterieur","11":"product_tag-nouveau-2025","12":"product_tag-serie-hamburgo-plus-fr","14":"first","15":"instock","16":"shipping-taxable","17":"purchasable","18":"product-type-variable"},"aioseo_notices":[],"_links":{"self":[{"href":"https:\/\/reyma-mobiliario.com\/fr\/wp-json\/wp\/v2\/product\/33059","targetHints":{"allow":["GET"]}}],"collection":[{"href":"https:\/\/reyma-mobiliario.com\/fr\/wp-json\/wp\/v2\/product"}],"about":[{"href":"https:\/\/reyma-mobiliario.com\/fr\/wp-json\/wp\/v2\/types\/product"}],"wp:featuredmedia":[{"embeddable":true,"href":"https:\/\/reyma-mobiliario.com\/fr\/wp-json\/wp\/v2\/media\/33090"}],"wp:attachment":[{"href":"https:\/\/reyma-mobiliario.com\/fr\/wp-json\/wp\/v2\/media?parent=33059"}],"wp:term":[{"taxonomy":"product_brand","embeddable":true,"href":"https:\/\/reyma-mobiliario.com\/fr\/wp-json\/wp\/v2\/product_brand?post=33059"},{"taxonomy":"product_cat","embeddable":true,"href":"https:\/\/reyma-mobiliario.com\/fr\/wp-json\/wp\/v2\/product_cat?post=33059"},{"taxonomy":"product_tag","embeddable":true,"href":"https:\/\/reyma-mobiliario.com\/fr\/wp-json\/wp\/v2\/product_tag?post=33059"}],"curies":[{"name":"wp","href":"https:\/\/api.w.org\/{rel}","templated":true}]}}