{"id":33121,"date":"2024-12-07T10:00:56","date_gmt":"2024-12-07T09:00:56","guid":{"rendered":"https:\/\/reyma-mobiliario.com\/?post_type=product&#038;p=33121"},"modified":"2026-03-23T12:26:15","modified_gmt":"2026-03-23T11:26:15","slug":"chaise-berlin-plus-copia","status":"publish","type":"product","link":"https:\/\/reyma-mobiliario.com\/fr\/productos\/chaise-berlin-plus-copia\/","title":{"rendered":"Chaise de bar Berlin Plus"},"content":{"rendered":"<p>Nouvelle version chaise de bar avec des am\u00e9liorations en qualit\u00e9 et en design, avec une assise tapiss\u00e9e.<\/p>\n","protected":false},"excerpt":{"rendered":"<p><strong>Poids<\/strong> : 6,20 kg<\/p>\n<p><strong>Mat\u00e9riaux<\/strong> :<br \/>\nStructure en bois de h\u00eatre, verni couleur noyer<br \/>\nRev\u00eatement P.U. : Teja, Arena, Esmeralda, Celeste ou Panam\u00e1<\/p>\n<p><strong>Dimensions<\/strong> :<br \/>\n<img loading=\"lazy\" decoding=\"async\" class=\"alignnone size-full wp-image-11924\" src=\"https:\/\/reyma-mobiliario.com\/wp-content\/uploads\/2025\/03\/2025-berlin-plus-banqueta.jpg\" alt=\"Dimensions chaise de bar Berlin Plus REYMA\" width=\"120\" height=\"120\" \/><\/p>\n","protected":false},"featured_media":33129,"template":"","meta":[],"product_brand":[],"product_cat":[1114,1116,2145],"product_tag":[2079,2346],"class_list":{"0":"post-33121","1":"product","2":"type-product","3":"status-publish","4":"has-post-thumbnail","6":"product_cat-interieur","7":"product_cat-tabouret-dinterieur","8":"product_cat-tabouret-en-bois","9":"product_tag-nouveau-2025","10":"product_tag-serie-berlin-plus-fr","12":"first","13":"instock","14":"shipping-taxable","15":"purchasable","16":"product-type-variable"},"aioseo_notices":[],"_links":{"self":[{"href":"https:\/\/reyma-mobiliario.com\/fr\/wp-json\/wp\/v2\/product\/33121","targetHints":{"allow":["GET"]}}],"collection":[{"href":"https:\/\/reyma-mobiliario.com\/fr\/wp-json\/wp\/v2\/product"}],"about":[{"href":"https:\/\/reyma-mobiliario.com\/fr\/wp-json\/wp\/v2\/types\/product"}],"wp:featuredmedia":[{"embeddable":true,"href":"https:\/\/reyma-mobiliario.com\/fr\/wp-json\/wp\/v2\/media\/33129"}],"wp:attachment":[{"href":"https:\/\/reyma-mobiliario.com\/fr\/wp-json\/wp\/v2\/media?parent=33121"}],"wp:term":[{"taxonomy":"product_brand","embeddable":true,"href":"https:\/\/reyma-mobiliario.com\/fr\/wp-json\/wp\/v2\/product_brand?post=33121"},{"taxonomy":"product_cat","embeddable":true,"href":"https:\/\/reyma-mobiliario.com\/fr\/wp-json\/wp\/v2\/product_cat?post=33121"},{"taxonomy":"product_tag","embeddable":true,"href":"https:\/\/reyma-mobiliario.com\/fr\/wp-json\/wp\/v2\/product_tag?post=33121"}],"curies":[{"name":"wp","href":"https:\/\/api.w.org\/{rel}","templated":true}]}}