{"id":33739,"date":"2024-12-17T10:00:22","date_gmt":"2024-12-17T09:00:22","guid":{"rendered":"https:\/\/reyma-mobiliario.com\/?post_type=product&#038;p=33739"},"modified":"2026-03-23T12:10:44","modified_gmt":"2026-03-23T11:10:44","slug":"table-islandia-rectangulaire","status":"publish","type":"product","link":"https:\/\/reyma-mobiliario.com\/fr\/productos\/table-islandia-rectangulaire\/","title":{"rendered":"Table Islandia Rectangulaire"},"content":{"rendered":"<p>Table en aluminium con\u00e7ue pour une utilisation en ext\u00e9rieur avec des plateaux rectangulaires. Dot\u00e9e d\u2019un design aux lignes simples, adapt\u00e9e \u00e0 plusieurs types de plateaux et int\u00e9grant un syst\u00e8me rabattable.<\/p>\n","protected":false},"excerpt":{"rendered":"<p><strong>Hauteur :<\/strong> 75 cm<\/p>\n<p><strong>Mat\u00e9riaux :<\/strong><br \/>\nBase en aluminium peint en noir, graphite, taupe ou blanc<br \/>\nBase avec 2 colonnes et contrepoids.<br \/>\nAvec un syst\u00e8me rabattable.<\/p>\n<p>Plateaux : Werzalit ou <a href=\"https:\/\/reyma-mobiliario.com\/categoria-producto\/tableros\/compact\/\" target=\"_blank\" rel=\"noopener\">Compact.<\/a><\/p>\n<p><strong>Dimensions du plateau :<\/strong><br \/>\n110&#215;70 ou 120&#215;80<\/p>\n","protected":false},"featured_media":33761,"template":"","meta":[],"product_brand":[],"product_cat":[1106,1110],"product_tag":[1144,1168,2079,1138,2009,1779,1166],"class_list":{"0":"post-33739","1":"product","2":"type-product","3":"status-publish","4":"has-post-thumbnail","6":"product_cat-exterieur","7":"product_cat-tables-dexterieur","8":"product_tag-aluminium","9":"product_tag-mobilier-dexterieur","10":"product_tag-nouveau-2025","11":"product_tag-pliable","12":"product_tag-serie-islandia-fr","13":"product_tag-systeme-de-pliage","14":"product_tag-tables-fr","16":"first","17":"instock","18":"shipping-taxable","19":"purchasable","20":"product-type-variable"},"aioseo_notices":[],"_links":{"self":[{"href":"https:\/\/reyma-mobiliario.com\/fr\/wp-json\/wp\/v2\/product\/33739","targetHints":{"allow":["GET"]}}],"collection":[{"href":"https:\/\/reyma-mobiliario.com\/fr\/wp-json\/wp\/v2\/product"}],"about":[{"href":"https:\/\/reyma-mobiliario.com\/fr\/wp-json\/wp\/v2\/types\/product"}],"wp:featuredmedia":[{"embeddable":true,"href":"https:\/\/reyma-mobiliario.com\/fr\/wp-json\/wp\/v2\/media\/33761"}],"wp:attachment":[{"href":"https:\/\/reyma-mobiliario.com\/fr\/wp-json\/wp\/v2\/media?parent=33739"}],"wp:term":[{"taxonomy":"product_brand","embeddable":true,"href":"https:\/\/reyma-mobiliario.com\/fr\/wp-json\/wp\/v2\/product_brand?post=33739"},{"taxonomy":"product_cat","embeddable":true,"href":"https:\/\/reyma-mobiliario.com\/fr\/wp-json\/wp\/v2\/product_cat?post=33739"},{"taxonomy":"product_tag","embeddable":true,"href":"https:\/\/reyma-mobiliario.com\/fr\/wp-json\/wp\/v2\/product_tag?post=33739"}],"curies":[{"name":"wp","href":"https:\/\/api.w.org\/{rel}","templated":true}]}}