{"id":33780,"date":"2024-12-16T10:00:54","date_gmt":"2024-12-16T09:00:54","guid":{"rendered":"https:\/\/reyma-mobiliario.com\/?post_type=product&#038;p=33780"},"modified":"2026-03-23T12:10:39","modified_gmt":"2026-03-23T11:10:39","slug":"table-helsinki","status":"publish","type":"product","link":"https:\/\/reyma-mobiliario.com\/fr\/productos\/table-helsinki\/","title":{"rendered":"Table Helsinki"},"content":{"rendered":"<p>Table en aluminium con\u00e7ue pour une utilisation en ext\u00e9rieur avec un syst\u00e8me rabattable.<\/p>\n","protected":false},"excerpt":{"rendered":"<p><strong>Hauteur :<\/strong> 75 ou 110 cm<\/p>\n<p><strong>Mat\u00e9riaux<\/strong> :<br \/>\nPied en aluminium avec contrepoids.<br \/>\nAvec un syst\u00e8me rabattable.<\/p>\n<p>Plateaux : Werzalit ou <a href=\"https:\/\/reyma-mobiliario.com\/categoria-producto\/tableros\/compact\/\" target=\"_blank\" rel=\"noopener\">Compact.<\/a><\/p>\n<p><strong>Dimensions du plateau :<\/strong><br \/>\nPour une hauteur de 75 : \u00d870, 70&#215;70 ou 80&#215;80, 110&#215;70 ou 120&#215;80<br \/>\nPour une hauteur de 110 : \u00d860, \u00d870 ou 60&#215;60<\/p>\n","protected":false},"featured_media":33796,"template":"","meta":[],"product_brand":[],"product_cat":[1106,1110],"product_tag":[1144,1168,2079,1138,2362,1779,1166],"class_list":{"0":"post-33780","1":"product","2":"type-product","3":"status-publish","4":"has-post-thumbnail","6":"product_cat-exterieur","7":"product_cat-tables-dexterieur","8":"product_tag-aluminium","9":"product_tag-mobilier-dexterieur","10":"product_tag-nouveau-2025","11":"product_tag-pliable","12":"product_tag-serie-helsinki-fr","13":"product_tag-systeme-de-pliage","14":"product_tag-tables-fr","16":"first","17":"instock","18":"shipping-taxable","19":"purchasable","20":"product-type-variable"},"aioseo_notices":[],"_links":{"self":[{"href":"https:\/\/reyma-mobiliario.com\/fr\/wp-json\/wp\/v2\/product\/33780","targetHints":{"allow":["GET"]}}],"collection":[{"href":"https:\/\/reyma-mobiliario.com\/fr\/wp-json\/wp\/v2\/product"}],"about":[{"href":"https:\/\/reyma-mobiliario.com\/fr\/wp-json\/wp\/v2\/types\/product"}],"wp:featuredmedia":[{"embeddable":true,"href":"https:\/\/reyma-mobiliario.com\/fr\/wp-json\/wp\/v2\/media\/33796"}],"wp:attachment":[{"href":"https:\/\/reyma-mobiliario.com\/fr\/wp-json\/wp\/v2\/media?parent=33780"}],"wp:term":[{"taxonomy":"product_brand","embeddable":true,"href":"https:\/\/reyma-mobiliario.com\/fr\/wp-json\/wp\/v2\/product_brand?post=33780"},{"taxonomy":"product_cat","embeddable":true,"href":"https:\/\/reyma-mobiliario.com\/fr\/wp-json\/wp\/v2\/product_cat?post=33780"},{"taxonomy":"product_tag","embeddable":true,"href":"https:\/\/reyma-mobiliario.com\/fr\/wp-json\/wp\/v2\/product_tag?post=33780"}],"curies":[{"name":"wp","href":"https:\/\/api.w.org\/{rel}","templated":true}]}}