{"id":33837,"date":"2024-11-23T10:00:09","date_gmt":"2024-11-23T09:00:09","guid":{"rendered":"https:\/\/reyma-mobiliario.com\/?post_type=product&#038;p=33837"},"modified":"2026-03-23T12:50:03","modified_gmt":"2026-03-23T11:50:03","slug":"table-miami","status":"publish","type":"product","link":"https:\/\/reyma-mobiliario.com\/fr\/productos\/table-miami\/","title":{"rendered":"Table Miami"},"content":{"rendered":"<p>Table en acier avec 4 points d&rsquo;appui disponible en plusieurs tailles de base en X.<\/p>\n","protected":false},"excerpt":{"rendered":"<p><strong>Hauteur :<\/strong> 75 ou 110 cm<\/p>\n<p><strong>Mat\u00e9riaux :<\/strong><br \/>\nPied en acier avec 4 points d&rsquo;appui.<\/p>\n<p>Plateaux : Werzalit, <a href=\"https:\/\/reyma-mobiliario.com\/categoria-producto\/tableros\/compact\/\" target=\"_blank\" rel=\"noopener\">Compact.<\/a> ou <a href=\"https:\/\/reyma-mobiliario.com\/categoria-producto\/tableros\/melamina\/\" target=\"_blank\" rel=\"noopener\">M\u00e9lamine<\/a><\/p>\n<p><strong>Dimensions du plateau :<\/strong><br \/>\nPour hauteur 75 : \u00d860, \u00d870, \u00d880, 60&#215;60, 70&#215;70 ou 80&#215;80, 90&#215;90<br \/>\nPour hauteur 110 : \u00d870 ou 60&#215;60 ou 70&#215;70<\/p>\n","protected":false},"featured_media":33878,"template":"","meta":[],"product_brand":[],"product_cat":[1114,1119],"product_tag":[2079,2365,1166],"class_list":{"0":"post-33837","1":"product","2":"type-product","3":"status-publish","4":"has-post-thumbnail","6":"product_cat-interieur","7":"product_cat-tables-dinterieur","8":"product_tag-nouveau-2025","9":"product_tag-serie-miami-fr","10":"product_tag-tables-fr","12":"first","13":"instock","14":"shipping-taxable","15":"purchasable","16":"product-type-variable"},"aioseo_notices":[],"_links":{"self":[{"href":"https:\/\/reyma-mobiliario.com\/fr\/wp-json\/wp\/v2\/product\/33837","targetHints":{"allow":["GET"]}}],"collection":[{"href":"https:\/\/reyma-mobiliario.com\/fr\/wp-json\/wp\/v2\/product"}],"about":[{"href":"https:\/\/reyma-mobiliario.com\/fr\/wp-json\/wp\/v2\/types\/product"}],"wp:featuredmedia":[{"embeddable":true,"href":"https:\/\/reyma-mobiliario.com\/fr\/wp-json\/wp\/v2\/media\/33878"}],"wp:attachment":[{"href":"https:\/\/reyma-mobiliario.com\/fr\/wp-json\/wp\/v2\/media?parent=33837"}],"wp:term":[{"taxonomy":"product_brand","embeddable":true,"href":"https:\/\/reyma-mobiliario.com\/fr\/wp-json\/wp\/v2\/product_brand?post=33837"},{"taxonomy":"product_cat","embeddable":true,"href":"https:\/\/reyma-mobiliario.com\/fr\/wp-json\/wp\/v2\/product_cat?post=33837"},{"taxonomy":"product_tag","embeddable":true,"href":"https:\/\/reyma-mobiliario.com\/fr\/wp-json\/wp\/v2\/product_tag?post=33837"}],"curies":[{"name":"wp","href":"https:\/\/api.w.org\/{rel}","templated":true}]}}