{"id":34029,"date":"2024-11-20T10:00:07","date_gmt":"2024-11-20T09:00:07","guid":{"rendered":"https:\/\/reyma-mobiliario.com\/?post_type=product&#038;p=34029"},"modified":"2026-03-23T13:20:41","modified_gmt":"2026-03-23T12:20:41","slug":"table-copenhagen-plus","status":"publish","type":"product","link":"https:\/\/reyma-mobiliario.com\/fr\/productos\/table-copenhagen-plus\/","title":{"rendered":"Table Copenhagen Plus"},"content":{"rendered":"<p>Nouvelle version am\u00e9lior\u00e9e avec pieds coniques de \u00d850mm.<\/p>\n","protected":false},"excerpt":{"rendered":"<p><strong>Hauteur :<\/strong> 75 ou 110 cm<\/p>\n<p><strong>Mat\u00e9riaux :<\/strong><br \/>\nPied en acier avec 4 points d\u2019appui.<\/p>\n<p>Plateaux : <a href=\"https:\/\/reyma-mobiliario.com\/categoria-producto\/tableros\/werzalit\/\" target=\"_blank\" rel=\"noopener\">Werzalit<\/a>, <a href=\"https:\/\/reyma-mobiliario.com\/categoria-producto\/tableros\/compact\/\" target=\"_blank\" rel=\"noopener\">Compact<\/a> ou <a href=\"https:\/\/reyma-mobiliario.com\/categoria-producto\/tableros\/melamina\/\" target=\"_blank\" rel=\"noopener\">M\u00e9lamine<\/a>.<\/p>\n<p><strong>Dimensions du plateau :<\/strong><br \/>\nPour hauteur 75 : \u00d870, \u00d880, 70&#215;70, 80&#215;80, 110&#215;70 ou 120&#215;80<br \/>\nPour hauteur 110 : \u00d870, \u00d880 ou 70&#215;70<\/p>\n","protected":false},"featured_media":34057,"template":"","meta":[],"product_brand":[],"product_cat":[1114,1119],"product_tag":[2079,2373,1166],"class_list":{"0":"post-34029","1":"product","2":"type-product","3":"status-publish","4":"has-post-thumbnail","6":"product_cat-interieur","7":"product_cat-tables-dinterieur","8":"product_tag-nouveau-2025","9":"product_tag-serie-copenhagen-plus-fr","10":"product_tag-tables-fr","12":"first","13":"instock","14":"shipping-taxable","15":"purchasable","16":"product-type-variable"},"aioseo_notices":[],"_links":{"self":[{"href":"https:\/\/reyma-mobiliario.com\/fr\/wp-json\/wp\/v2\/product\/34029","targetHints":{"allow":["GET"]}}],"collection":[{"href":"https:\/\/reyma-mobiliario.com\/fr\/wp-json\/wp\/v2\/product"}],"about":[{"href":"https:\/\/reyma-mobiliario.com\/fr\/wp-json\/wp\/v2\/types\/product"}],"wp:featuredmedia":[{"embeddable":true,"href":"https:\/\/reyma-mobiliario.com\/fr\/wp-json\/wp\/v2\/media\/34057"}],"wp:attachment":[{"href":"https:\/\/reyma-mobiliario.com\/fr\/wp-json\/wp\/v2\/media?parent=34029"}],"wp:term":[{"taxonomy":"product_brand","embeddable":true,"href":"https:\/\/reyma-mobiliario.com\/fr\/wp-json\/wp\/v2\/product_brand?post=34029"},{"taxonomy":"product_cat","embeddable":true,"href":"https:\/\/reyma-mobiliario.com\/fr\/wp-json\/wp\/v2\/product_cat?post=34029"},{"taxonomy":"product_tag","embeddable":true,"href":"https:\/\/reyma-mobiliario.com\/fr\/wp-json\/wp\/v2\/product_tag?post=34029"}],"curies":[{"name":"wp","href":"https:\/\/api.w.org\/{rel}","templated":true}]}}