{"id":34142,"date":"2025-03-03T10:21:30","date_gmt":"2025-03-31T08:21:30","guid":{"rendered":"https:\/\/reyma-mobiliario.com\/?post_type=product&#038;p=34142"},"modified":"2025-04-02T08:46:21","modified_gmt":"2025-04-02T06:46:21","slug":"tapisse-p-u-emeraude","status":"publish","type":"product","link":"https:\/\/reyma-mobiliario.com\/fr\/productos\/tapisse-p-u-emeraude\/","title":{"rendered":"Tapiss\u00e9 P.U. \u00c9meraude"},"content":{"rendered":"<p>\u00c9chantillon de tapisserie P.U. \u00c9meraude<\/p>\n","protected":false},"excerpt":{"rendered":"<p>\u00c9chantillon de tapisserie \u00c9meraude<br \/>\nConvient pour une utilisation en int\u00e9rieur uniquement.<\/p>\n<p>Disponible en types de si\u00e8ges: Am\u00e9rica et \u00c1tico.<\/p>\n","protected":false},"featured_media":34145,"template":"","meta":[],"product_brand":[],"product_cat":[1960,1961],"product_tag":[2407,2411],"class_list":{"0":"post-34142","1":"product","2":"type-product","3":"status-publish","4":"has-post-thumbnail","6":"product_cat-finitions","7":"product_cat-tapisse","8":"product_tag-assise-type-america","9":"product_tag-assise-type-atico","11":"first","12":"instock","13":"shipping-taxable","14":"product-type-simple"},"aioseo_notices":[],"_links":{"self":[{"href":"https:\/\/reyma-mobiliario.com\/fr\/wp-json\/wp\/v2\/product\/34142","targetHints":{"allow":["GET"]}}],"collection":[{"href":"https:\/\/reyma-mobiliario.com\/fr\/wp-json\/wp\/v2\/product"}],"about":[{"href":"https:\/\/reyma-mobiliario.com\/fr\/wp-json\/wp\/v2\/types\/product"}],"wp:featuredmedia":[{"embeddable":true,"href":"https:\/\/reyma-mobiliario.com\/fr\/wp-json\/wp\/v2\/media\/34145"}],"wp:attachment":[{"href":"https:\/\/reyma-mobiliario.com\/fr\/wp-json\/wp\/v2\/media?parent=34142"}],"wp:term":[{"taxonomy":"product_brand","embeddable":true,"href":"https:\/\/reyma-mobiliario.com\/fr\/wp-json\/wp\/v2\/product_brand?post=34142"},{"taxonomy":"product_cat","embeddable":true,"href":"https:\/\/reyma-mobiliario.com\/fr\/wp-json\/wp\/v2\/product_cat?post=34142"},{"taxonomy":"product_tag","embeddable":true,"href":"https:\/\/reyma-mobiliario.com\/fr\/wp-json\/wp\/v2\/product_tag?post=34142"}],"curies":[{"name":"wp","href":"https:\/\/api.w.org\/{rel}","templated":true}]}}