{"id":34148,"date":"2025-03-04T10:28:10","date_gmt":"2025-03-31T08:28:11","guid":{"rendered":"https:\/\/reyma-mobiliario.com\/?post_type=product&#038;p=34148"},"modified":"2025-04-02T08:46:23","modified_gmt":"2025-04-02T06:46:23","slug":"tapisse-p-u-orange-tuille","status":"publish","type":"product","link":"https:\/\/reyma-mobiliario.com\/fr\/productos\/tapisse-p-u-orange-tuille\/","title":{"rendered":"Tapiss\u00e9 P.U. Orange Tuil\u00e9"},"content":{"rendered":"<p>\u00c9chantillon de tapisserie P.U. Orange Tuill\u00e9<\/p>\n","protected":false},"excerpt":{"rendered":"<p>\u00c9chantillon de tapisserie Orange Tuill\u00e9<br \/>\nConvient pour une utilisation en int\u00e9rieur uniquement.<\/p>\n<p>Disponible en types de si\u00e8ges: Am\u00e9rica et \u00c1tico.<\/p>\n","protected":false},"featured_media":34151,"template":"","meta":[],"product_brand":[],"product_cat":[1960,1961],"product_tag":[2407,2411],"class_list":{"0":"post-34148","1":"product","2":"type-product","3":"status-publish","4":"has-post-thumbnail","6":"product_cat-finitions","7":"product_cat-tapisse","8":"product_tag-assise-type-america","9":"product_tag-assise-type-atico","11":"first","12":"instock","13":"shipping-taxable","14":"product-type-simple"},"aioseo_notices":[],"_links":{"self":[{"href":"https:\/\/reyma-mobiliario.com\/fr\/wp-json\/wp\/v2\/product\/34148","targetHints":{"allow":["GET"]}}],"collection":[{"href":"https:\/\/reyma-mobiliario.com\/fr\/wp-json\/wp\/v2\/product"}],"about":[{"href":"https:\/\/reyma-mobiliario.com\/fr\/wp-json\/wp\/v2\/types\/product"}],"wp:featuredmedia":[{"embeddable":true,"href":"https:\/\/reyma-mobiliario.com\/fr\/wp-json\/wp\/v2\/media\/34151"}],"wp:attachment":[{"href":"https:\/\/reyma-mobiliario.com\/fr\/wp-json\/wp\/v2\/media?parent=34148"}],"wp:term":[{"taxonomy":"product_brand","embeddable":true,"href":"https:\/\/reyma-mobiliario.com\/fr\/wp-json\/wp\/v2\/product_brand?post=34148"},{"taxonomy":"product_cat","embeddable":true,"href":"https:\/\/reyma-mobiliario.com\/fr\/wp-json\/wp\/v2\/product_cat?post=34148"},{"taxonomy":"product_tag","embeddable":true,"href":"https:\/\/reyma-mobiliario.com\/fr\/wp-json\/wp\/v2\/product_tag?post=34148"}],"curies":[{"name":"wp","href":"https:\/\/api.w.org\/{rel}","templated":true}]}}