{"id":34182,"date":"2025-03-10T11:12:07","date_gmt":"2025-03-31T09:12:07","guid":{"rendered":"https:\/\/reyma-mobiliario.com\/?post_type=product&#038;p=34182"},"modified":"2025-04-02T08:32:22","modified_gmt":"2025-04-02T06:32:22","slug":"tapisse-fabric-mekong","status":"publish","type":"product","link":"https:\/\/reyma-mobiliario.com\/fr\/productos\/tapisse-fabric-mekong\/","title":{"rendered":"Tapiss\u00e9 FABRIC Mekong"},"content":{"rendered":"<p>\u00c9chantillon de tapisserie Fabric Mekong<\/p>\n","protected":false},"excerpt":{"rendered":"<p>\u00c9chantillon de tapisserie Mekong<br \/>\nConvient pour une utilisation en int\u00e9rieur uniquement.<\/p>\n<p>Disponible en types de si\u00e8ges: Am\u00e9rica, \u00c1tico, Charlotte \u00d835, Chicago \u00d843 et M\u00f3naco Plus 36&#215;31<\/p>\n","protected":false},"featured_media":34185,"template":"","meta":[],"product_brand":[],"product_cat":[1960,1961],"product_tag":[2407,2411,2408,2409,2410],"class_list":{"0":"post-34182","1":"product","2":"type-product","3":"status-publish","4":"has-post-thumbnail","6":"product_cat-finitions","7":"product_cat-tapisse","8":"product_tag-assise-type-america","9":"product_tag-assise-type-atico","10":"product_tag-assise-type-charlotte-o35","11":"product_tag-assise-type-chicago-o43","12":"product_tag-assise-type-monaco-plus-31x36","14":"first","15":"instock","16":"shipping-taxable","17":"product-type-simple"},"aioseo_notices":[],"_links":{"self":[{"href":"https:\/\/reyma-mobiliario.com\/fr\/wp-json\/wp\/v2\/product\/34182","targetHints":{"allow":["GET"]}}],"collection":[{"href":"https:\/\/reyma-mobiliario.com\/fr\/wp-json\/wp\/v2\/product"}],"about":[{"href":"https:\/\/reyma-mobiliario.com\/fr\/wp-json\/wp\/v2\/types\/product"}],"wp:featuredmedia":[{"embeddable":true,"href":"https:\/\/reyma-mobiliario.com\/fr\/wp-json\/wp\/v2\/media\/34185"}],"wp:attachment":[{"href":"https:\/\/reyma-mobiliario.com\/fr\/wp-json\/wp\/v2\/media?parent=34182"}],"wp:term":[{"taxonomy":"product_brand","embeddable":true,"href":"https:\/\/reyma-mobiliario.com\/fr\/wp-json\/wp\/v2\/product_brand?post=34182"},{"taxonomy":"product_cat","embeddable":true,"href":"https:\/\/reyma-mobiliario.com\/fr\/wp-json\/wp\/v2\/product_cat?post=34182"},{"taxonomy":"product_tag","embeddable":true,"href":"https:\/\/reyma-mobiliario.com\/fr\/wp-json\/wp\/v2\/product_tag?post=34182"}],"curies":[{"name":"wp","href":"https:\/\/api.w.org\/{rel}","templated":true}]}}