{"id":34265,"date":"2025-04-03T08:23:38","date_gmt":"2025-04-03T06:23:39","guid":{"rendered":"https:\/\/reyma-mobiliario.com\/?post_type=product&#038;p=34265"},"modified":"2025-04-03T09:33:35","modified_gmt":"2025-04-03T07:33:35","slug":"osier-vert-blanc-gris-creme","status":"publish","type":"product","link":"https:\/\/reyma-mobiliario.com\/fr\/productos\/osier-vert-blanc-gris-creme\/","title":{"rendered":"Osier Vert-Blanc-Gris-Cr\u00e8me"},"content":{"rendered":"<p>\u00c9chantillon de Vert-Blanc-Gris-Cr\u00e8me<\/p>\n","protected":false},"excerpt":{"rendered":"<p>\u00c9chantillon de osier Vert-Blanc-Gris-Cr\u00e8me<br \/>\nConvient pour une utilisation en int\u00e9rieur et ext\u00e9rieur.<\/p>\n","protected":false},"featured_media":34268,"template":"","meta":[],"product_brand":[],"product_cat":[1960,1974],"product_tag":[],"class_list":{"0":"post-34265","1":"product","2":"type-product","3":"status-publish","4":"has-post-thumbnail","6":"product_cat-finitions","7":"product_cat-osier","9":"first","10":"instock","11":"shipping-taxable","12":"product-type-simple"},"aioseo_notices":[],"_links":{"self":[{"href":"https:\/\/reyma-mobiliario.com\/fr\/wp-json\/wp\/v2\/product\/34265","targetHints":{"allow":["GET"]}}],"collection":[{"href":"https:\/\/reyma-mobiliario.com\/fr\/wp-json\/wp\/v2\/product"}],"about":[{"href":"https:\/\/reyma-mobiliario.com\/fr\/wp-json\/wp\/v2\/types\/product"}],"wp:featuredmedia":[{"embeddable":true,"href":"https:\/\/reyma-mobiliario.com\/fr\/wp-json\/wp\/v2\/media\/34268"}],"wp:attachment":[{"href":"https:\/\/reyma-mobiliario.com\/fr\/wp-json\/wp\/v2\/media?parent=34265"}],"wp:term":[{"taxonomy":"product_brand","embeddable":true,"href":"https:\/\/reyma-mobiliario.com\/fr\/wp-json\/wp\/v2\/product_brand?post=34265"},{"taxonomy":"product_cat","embeddable":true,"href":"https:\/\/reyma-mobiliario.com\/fr\/wp-json\/wp\/v2\/product_cat?post=34265"},{"taxonomy":"product_tag","embeddable":true,"href":"https:\/\/reyma-mobiliario.com\/fr\/wp-json\/wp\/v2\/product_tag?post=34265"}],"curies":[{"name":"wp","href":"https:\/\/api.w.org\/{rel}","templated":true}]}}