{"id":34590,"date":"2023-10-10T10:21:30","date_gmt":"2023-10-10T08:21:30","guid":{"rendered":"https:\/\/reyma-mobiliario.com\/?post_type=product&#038;p=34590"},"modified":"2026-03-03T10:24:30","modified_gmt":"2026-03-03T09:24:30","slug":"chaise-berlin-plus-bois","status":"publish","type":"product","link":"https:\/\/reyma-mobiliario.com\/fr\/productos\/chaise-berlin-plus-bois\/","title":{"rendered":"Chaise Berlin Plus Bois"},"content":{"rendered":"<p>Nouvelle version avec des am\u00e9liorations en qualit\u00e9 et en design, avec une assise tapiss\u00e9e.<\/p>\n","protected":false},"excerpt":{"rendered":"<p><strong>Poids<\/strong> : 4,15 kg<\/p>\n<p><strong>Mat\u00e9riaux<\/strong> :<br \/>\nStructure en bois de h\u00eatre, vernis couleur noyer.<br \/>\nAssise en bois massif, ins\u00e9r\u00e9e et viss\u00e9e dans le cadre.<\/p>\n<p><strong>Dimensions<\/strong> :<br \/>\n<img loading=\"lazy\" decoding=\"async\" class=\"alignnone size-full wp-image-11924\" src=\"https:\/\/reyma-mobiliario.com\/wp-content\/uploads\/2025\/03\/2025-berlin-plus-silla.jpg\" alt=\"Dimensions chaise Berlin Plus REYMA\" width=\"120\" height=\"120\" \/><\/p>\n","protected":false},"featured_media":34598,"template":"","meta":[],"product_brand":[],"product_cat":[1121,2099,1114],"product_tag":[1347,1360,2079,2346],"class_list":{"0":"post-34590","1":"product","2":"type-product","3":"status-publish","4":"has-post-thumbnail","6":"product_cat-chaises-dinterieur","7":"product_cat-chaises-en-bois","8":"product_cat-interieur","9":"product_tag-chaises","10":"product_tag-chaises-dinterieur","11":"product_tag-nouveau-2025","12":"product_tag-serie-berlin-plus-fr","14":"first","15":"instock","16":"shipping-taxable","17":"product-type-simple"},"aioseo_notices":[],"_links":{"self":[{"href":"https:\/\/reyma-mobiliario.com\/fr\/wp-json\/wp\/v2\/product\/34590","targetHints":{"allow":["GET"]}}],"collection":[{"href":"https:\/\/reyma-mobiliario.com\/fr\/wp-json\/wp\/v2\/product"}],"about":[{"href":"https:\/\/reyma-mobiliario.com\/fr\/wp-json\/wp\/v2\/types\/product"}],"wp:featuredmedia":[{"embeddable":true,"href":"https:\/\/reyma-mobiliario.com\/fr\/wp-json\/wp\/v2\/media\/34598"}],"wp:attachment":[{"href":"https:\/\/reyma-mobiliario.com\/fr\/wp-json\/wp\/v2\/media?parent=34590"}],"wp:term":[{"taxonomy":"product_brand","embeddable":true,"href":"https:\/\/reyma-mobiliario.com\/fr\/wp-json\/wp\/v2\/product_brand?post=34590"},{"taxonomy":"product_cat","embeddable":true,"href":"https:\/\/reyma-mobiliario.com\/fr\/wp-json\/wp\/v2\/product_cat?post=34590"},{"taxonomy":"product_tag","embeddable":true,"href":"https:\/\/reyma-mobiliario.com\/fr\/wp-json\/wp\/v2\/product_tag?post=34590"}],"curies":[{"name":"wp","href":"https:\/\/api.w.org\/{rel}","templated":true}]}}