{"id":34611,"date":"2023-10-10T10:38:18","date_gmt":"2023-10-10T08:38:18","guid":{"rendered":"https:\/\/reyma-mobiliario.com\/?post_type=product&#038;p=34611"},"modified":"2026-03-03T10:24:21","modified_gmt":"2026-03-03T09:24:21","slug":"chaise-de-bar-berlin-plus-bois","status":"publish","type":"product","link":"https:\/\/reyma-mobiliario.com\/fr\/productos\/chaise-de-bar-berlin-plus-bois\/","title":{"rendered":"Chaise de bar Berlin Plus Bois"},"content":{"rendered":"<p>Nouvelle version chaise de bar avec des am\u00e9liorations en qualit\u00e9 et en design, avec une assise tapiss\u00e9e.<\/p>\n","protected":false},"excerpt":{"rendered":"<p><strong>Poids<\/strong> : 6,10 kg<\/p>\n<p><strong>Mat\u00e9riaux<\/strong> :<br \/>\nStructure en bois de h\u00eatre, vernis couleur noyer.<br \/>\nAssise en bois massif, ins\u00e9r\u00e9e et viss\u00e9e dans le cadre.<\/p>\n<p><strong>Dimensions<\/strong> :<br \/>\n<img loading=\"lazy\" decoding=\"async\" class=\"alignnone size-full wp-image-11924\" src=\"https:\/\/reyma-mobiliario.com\/wp-content\/uploads\/2025\/03\/2025-berlin-plus-banqueta.jpg\" alt=\"Dimensions chaise de bar Berlin Plus REYMA\" width=\"120\" height=\"120\" \/><\/p>\n","protected":false},"featured_media":34757,"template":"","meta":[],"product_brand":[],"product_cat":[1114,1116,2145],"product_tag":[2079,2346],"class_list":{"0":"post-34611","1":"product","2":"type-product","3":"status-publish","4":"has-post-thumbnail","6":"product_cat-interieur","7":"product_cat-tabouret-dinterieur","8":"product_cat-tabouret-en-bois","9":"product_tag-nouveau-2025","10":"product_tag-serie-berlin-plus-fr","12":"first","13":"instock","14":"shipping-taxable","15":"product-type-simple"},"aioseo_notices":[],"_links":{"self":[{"href":"https:\/\/reyma-mobiliario.com\/fr\/wp-json\/wp\/v2\/product\/34611","targetHints":{"allow":["GET"]}}],"collection":[{"href":"https:\/\/reyma-mobiliario.com\/fr\/wp-json\/wp\/v2\/product"}],"about":[{"href":"https:\/\/reyma-mobiliario.com\/fr\/wp-json\/wp\/v2\/types\/product"}],"wp:featuredmedia":[{"embeddable":true,"href":"https:\/\/reyma-mobiliario.com\/fr\/wp-json\/wp\/v2\/media\/34757"}],"wp:attachment":[{"href":"https:\/\/reyma-mobiliario.com\/fr\/wp-json\/wp\/v2\/media?parent=34611"}],"wp:term":[{"taxonomy":"product_brand","embeddable":true,"href":"https:\/\/reyma-mobiliario.com\/fr\/wp-json\/wp\/v2\/product_brand?post=34611"},{"taxonomy":"product_cat","embeddable":true,"href":"https:\/\/reyma-mobiliario.com\/fr\/wp-json\/wp\/v2\/product_cat?post=34611"},{"taxonomy":"product_tag","embeddable":true,"href":"https:\/\/reyma-mobiliario.com\/fr\/wp-json\/wp\/v2\/product_tag?post=34611"}],"curies":[{"name":"wp","href":"https:\/\/api.w.org\/{rel}","templated":true}]}}