{"id":34635,"date":"2023-10-10T11:22:19","date_gmt":"2023-10-10T09:22:19","guid":{"rendered":"https:\/\/reyma-mobiliario.com\/?post_type=product&#038;p=34635"},"modified":"2026-03-03T10:23:50","modified_gmt":"2026-03-03T09:23:50","slug":"chaise-hamburgo-plus-bois","status":"publish","type":"product","link":"https:\/\/reyma-mobiliario.com\/fr\/productos\/chaise-hamburgo-plus-bois\/","title":{"rendered":"Chaise Hamburgo Plus Bois"},"content":{"rendered":"<p>Nouvelle version am\u00e9lior\u00e9e en qualit\u00e9 et design avec si\u00e8ge rembourr\u00e9.<\/p>\n","protected":false},"excerpt":{"rendered":"<p><strong>Poids<\/strong>: 4,00 kg<\/p>\n<p><strong>Mat\u00e9riaux<\/strong>:<br \/>\nStructure en bois de h\u00eatre, vernis couleur noyer.<br \/>\nAssise en bois massif, ins\u00e9r\u00e9e et viss\u00e9e dans le cadre.<\/p>\n<p><strong>Dimensions<\/strong>:<br \/>\n<img loading=\"lazy\" decoding=\"async\" class=\"alignnone size-full wp-image-11924\" src=\"https:\/\/reyma-mobiliario.com\/wp-content\/uploads\/2025\/03\/2025-hamburgo-plus-silla.jpg\" alt=\"Dimensions chaise Hamburgo Plus REYMA\" width=\"120\" height=\"120\" \/><\/p>\n","protected":false},"featured_media":34643,"template":"","meta":[],"product_brand":[],"product_cat":[1121,2099,1114],"product_tag":[1347,1360,2079,2348],"class_list":{"0":"post-34635","1":"product","2":"type-product","3":"status-publish","4":"has-post-thumbnail","6":"product_cat-chaises-dinterieur","7":"product_cat-chaises-en-bois","8":"product_cat-interieur","9":"product_tag-chaises","10":"product_tag-chaises-dinterieur","11":"product_tag-nouveau-2025","12":"product_tag-serie-hamburgo-plus-fr","14":"first","15":"instock","16":"shipping-taxable","17":"purchasable","18":"product-type-variable"},"aioseo_notices":[],"_links":{"self":[{"href":"https:\/\/reyma-mobiliario.com\/fr\/wp-json\/wp\/v2\/product\/34635","targetHints":{"allow":["GET"]}}],"collection":[{"href":"https:\/\/reyma-mobiliario.com\/fr\/wp-json\/wp\/v2\/product"}],"about":[{"href":"https:\/\/reyma-mobiliario.com\/fr\/wp-json\/wp\/v2\/types\/product"}],"wp:featuredmedia":[{"embeddable":true,"href":"https:\/\/reyma-mobiliario.com\/fr\/wp-json\/wp\/v2\/media\/34643"}],"wp:attachment":[{"href":"https:\/\/reyma-mobiliario.com\/fr\/wp-json\/wp\/v2\/media?parent=34635"}],"wp:term":[{"taxonomy":"product_brand","embeddable":true,"href":"https:\/\/reyma-mobiliario.com\/fr\/wp-json\/wp\/v2\/product_brand?post=34635"},{"taxonomy":"product_cat","embeddable":true,"href":"https:\/\/reyma-mobiliario.com\/fr\/wp-json\/wp\/v2\/product_cat?post=34635"},{"taxonomy":"product_tag","embeddable":true,"href":"https:\/\/reyma-mobiliario.com\/fr\/wp-json\/wp\/v2\/product_tag?post=34635"}],"curies":[{"name":"wp","href":"https:\/\/api.w.org\/{rel}","templated":true}]}}