{"id":34666,"date":"2023-10-10T13:24:53","date_gmt":"2023-10-10T11:24:53","guid":{"rendered":"https:\/\/reyma-mobiliario.com\/?post_type=product&#038;p=34666"},"modified":"2026-03-03T10:24:54","modified_gmt":"2026-03-03T09:24:54","slug":"chaise-de-bar-hamburgo-plus-bois","status":"publish","type":"product","link":"https:\/\/reyma-mobiliario.com\/fr\/productos\/chaise-de-bar-hamburgo-plus-bois\/","title":{"rendered":"Chaise de bar Hamburgo Plus Bois"},"content":{"rendered":"<p>Nouvelle version chaise de bar am\u00e9lior\u00e9e en qualit\u00e9 et design avec si\u00e8ge rembourr\u00e9.<\/p>\n","protected":false},"excerpt":{"rendered":"<p><strong>Poids<\/strong>: 5,95 kg<\/p>\n<p><strong>Mat\u00e9riaux<\/strong>:<br \/>\nStructure en bois de h\u00eatre, vernis couleur noyer.<br \/>\nAssise en bois massif, ins\u00e9r\u00e9e et viss\u00e9e dans le cadre<\/p>\n<p><strong>Dimensions<\/strong>:<br \/>\n<img loading=\"lazy\" decoding=\"async\" class=\"alignnone size-full wp-image-11924\" src=\"https:\/\/reyma-mobiliario.com\/wp-content\/uploads\/2025\/03\/2025-hamburgo-plus-banqueta.jpg\" alt=\"Dimensions chaise de bar Hamburgo Plus REYMA\" width=\"120\" height=\"120\" \/><\/p>\n","protected":false},"featured_media":34674,"template":"","meta":[],"product_brand":[],"product_cat":[1114,1116,2145],"product_tag":[2079,2348],"class_list":{"0":"post-34666","1":"product","2":"type-product","3":"status-publish","4":"has-post-thumbnail","6":"product_cat-interieur","7":"product_cat-tabouret-dinterieur","8":"product_cat-tabouret-en-bois","9":"product_tag-nouveau-2025","10":"product_tag-serie-hamburgo-plus-fr","12":"first","13":"instock","14":"shipping-taxable","15":"product-type-simple"},"aioseo_notices":[],"_links":{"self":[{"href":"https:\/\/reyma-mobiliario.com\/fr\/wp-json\/wp\/v2\/product\/34666","targetHints":{"allow":["GET"]}}],"collection":[{"href":"https:\/\/reyma-mobiliario.com\/fr\/wp-json\/wp\/v2\/product"}],"about":[{"href":"https:\/\/reyma-mobiliario.com\/fr\/wp-json\/wp\/v2\/types\/product"}],"wp:featuredmedia":[{"embeddable":true,"href":"https:\/\/reyma-mobiliario.com\/fr\/wp-json\/wp\/v2\/media\/34674"}],"wp:attachment":[{"href":"https:\/\/reyma-mobiliario.com\/fr\/wp-json\/wp\/v2\/media?parent=34666"}],"wp:term":[{"taxonomy":"product_brand","embeddable":true,"href":"https:\/\/reyma-mobiliario.com\/fr\/wp-json\/wp\/v2\/product_brand?post=34666"},{"taxonomy":"product_cat","embeddable":true,"href":"https:\/\/reyma-mobiliario.com\/fr\/wp-json\/wp\/v2\/product_cat?post=34666"},{"taxonomy":"product_tag","embeddable":true,"href":"https:\/\/reyma-mobiliario.com\/fr\/wp-json\/wp\/v2\/product_tag?post=34666"}],"curies":[{"name":"wp","href":"https:\/\/api.w.org\/{rel}","templated":true}]}}