{"id":34979,"date":"2026-01-28T10:00:47","date_gmt":"2026-01-28T09:00:47","guid":{"rendered":"https:\/\/reyma-mobiliario.com\/?post_type=product&#038;p=34979"},"modified":"2026-03-31T12:58:12","modified_gmt":"2026-03-31T10:58:12","slug":"chaise-de-bar-palais","status":"publish","type":"product","link":"https:\/\/reyma-mobiliario.com\/fr\/productos\/chaise-de-bar-palais\/","title":{"rendered":"Chaise de bar Palais"},"content":{"rendered":"<p>Chaise de style hawa\u00efen en aluminium adapt\u00e9e \u00e0 une utilisation int\u00e9rieure et ext\u00e9rieure.<\/p>\n","protected":false},"excerpt":{"rendered":"<p><strong>Poids : <\/strong><br \/>\n4.10Kg<\/p>\n<p><strong>Mat\u00e9riaux : <\/strong><br \/>\nStructure en aluminium peint en d\u00e9co bambou.<br \/>\nSi\u00e8ge en osier atlas.<\/p>\n<p><strong>Empilable.<\/strong><\/p>\n<p><strong>Dimensions<\/strong>:<br \/>\n<img loading=\"lazy\" decoding=\"async\" class=\"alignnone size-full wp-image-11924\" src=\"https:\/\/reyma-mobiliario.com\/wp-content\/uploads\/2026\/01\/palais-banqueta.jpg\" alt=\"Dimensiones banqueta palais REYMA\" width=\"120\" height=\"120\" \/><\/p>\n","protected":false},"featured_media":34996,"template":"","meta":[],"product_brand":[],"product_cat":[1106,1123,1125,1107],"product_tag":[1168,2416,1846],"class_list":{"0":"post-34979","1":"product","2":"type-product","3":"status-publish","4":"has-post-thumbnail","6":"product_cat-exterieur","7":"product_cat-nouveaute","8":"product_cat-nouvelles-exterieur","9":"product_cat-tabouret-dexterieur","10":"product_tag-mobilier-dexterieur","11":"product_tag-nouevau-2026","12":"product_tag-serie-palais-fr","14":"first","15":"instock","16":"featured","17":"shipping-taxable","18":"product-type-simple"},"aioseo_notices":[],"_links":{"self":[{"href":"https:\/\/reyma-mobiliario.com\/fr\/wp-json\/wp\/v2\/product\/34979","targetHints":{"allow":["GET"]}}],"collection":[{"href":"https:\/\/reyma-mobiliario.com\/fr\/wp-json\/wp\/v2\/product"}],"about":[{"href":"https:\/\/reyma-mobiliario.com\/fr\/wp-json\/wp\/v2\/types\/product"}],"wp:featuredmedia":[{"embeddable":true,"href":"https:\/\/reyma-mobiliario.com\/fr\/wp-json\/wp\/v2\/media\/34996"}],"wp:attachment":[{"href":"https:\/\/reyma-mobiliario.com\/fr\/wp-json\/wp\/v2\/media?parent=34979"}],"wp:term":[{"taxonomy":"product_brand","embeddable":true,"href":"https:\/\/reyma-mobiliario.com\/fr\/wp-json\/wp\/v2\/product_brand?post=34979"},{"taxonomy":"product_cat","embeddable":true,"href":"https:\/\/reyma-mobiliario.com\/fr\/wp-json\/wp\/v2\/product_cat?post=34979"},{"taxonomy":"product_tag","embeddable":true,"href":"https:\/\/reyma-mobiliario.com\/fr\/wp-json\/wp\/v2\/product_tag?post=34979"}],"curies":[{"name":"wp","href":"https:\/\/api.w.org\/{rel}","templated":true}]}}