{"id":35033,"date":"2026-02-23T10:00:16","date_gmt":"2026-02-23T09:00:16","guid":{"rendered":"https:\/\/reyma-mobiliario.com\/?post_type=product&#038;p=35033"},"modified":"2026-03-10T11:46:08","modified_gmt":"2026-03-10T10:46:08","slug":"canape-havana-1","status":"publish","type":"product","link":"https:\/\/reyma-mobiliario.com\/fr\/productos\/canape-havana-1\/","title":{"rendered":"Canape Havana 1"},"content":{"rendered":"<div class=\"wpb-content-wrapper\">[vc_row][vc_column][vc_column_text margin_bottom=\u00a0\u00bb0&Prime; css=\u00a0\u00bb.vc_custom_1771850199183{margin-bottom: 0px !important;}\u00a0\u00bb]Canape de restauration de style colonial en aluminium adapt\u00e9 \u00e0 une utilisation int\u00e9rieure et ext\u00e9rieure.[\/vc_column_text][\/vc_column][\/vc_row]\n<\/div>","protected":false},"excerpt":{"rendered":"<p><strong>Poids\u00a0: <\/strong> 7,55 kg<\/p>\n<p><strong>Mat\u00e9riaux\u00a0: <\/strong><br \/>\nCadre en aluminium peint deco ch\u00eane naturel.<br \/>\nAssise en Rope Cr\u00e8me, tissage 3&#215;3 ferm\u00e9, hauteur 42 cm.<\/p>\n<p>Seul le coussin de dossier est inclus.<\/p>\n<p><strong>Empilable.<br \/>\n<\/strong><\/p>\n<p><strong>Dimensions<\/strong>\u00a0:<br \/>\n<img loading=\"lazy\" decoding=\"async\" class=\"alignnone size-full wp-image-11924\" src=\"https:\/\/reyma-mobiliario.com\/wp-content\/uploads\/2026\/02\/havana1-sofa.jpg\" alt=\"Dimensions canape Havana REYMA\" width=\"120\" height=\"120\" \/><\/p>\n","protected":false},"featured_media":35169,"template":"","meta":[],"product_brand":[],"product_cat":[1113,1106,1123,1125],"product_tag":[1168,2416,2012],"class_list":{"0":"post-35033","1":"product","2":"type-product","3":"status-publish","4":"has-post-thumbnail","6":"product_cat-canapes-dexterieur","7":"product_cat-exterieur","8":"product_cat-nouveaute","9":"product_cat-nouvelles-exterieur","10":"product_tag-mobilier-dexterieur","11":"product_tag-nouevau-2026","12":"product_tag-serie-havana-fr","14":"first","15":"instock","16":"shipping-taxable","17":"product-type-simple"},"aioseo_notices":[],"_links":{"self":[{"href":"https:\/\/reyma-mobiliario.com\/fr\/wp-json\/wp\/v2\/product\/35033","targetHints":{"allow":["GET"]}}],"collection":[{"href":"https:\/\/reyma-mobiliario.com\/fr\/wp-json\/wp\/v2\/product"}],"about":[{"href":"https:\/\/reyma-mobiliario.com\/fr\/wp-json\/wp\/v2\/types\/product"}],"wp:featuredmedia":[{"embeddable":true,"href":"https:\/\/reyma-mobiliario.com\/fr\/wp-json\/wp\/v2\/media\/35169"}],"wp:attachment":[{"href":"https:\/\/reyma-mobiliario.com\/fr\/wp-json\/wp\/v2\/media?parent=35033"}],"wp:term":[{"taxonomy":"product_brand","embeddable":true,"href":"https:\/\/reyma-mobiliario.com\/fr\/wp-json\/wp\/v2\/product_brand?post=35033"},{"taxonomy":"product_cat","embeddable":true,"href":"https:\/\/reyma-mobiliario.com\/fr\/wp-json\/wp\/v2\/product_cat?post=35033"},{"taxonomy":"product_tag","embeddable":true,"href":"https:\/\/reyma-mobiliario.com\/fr\/wp-json\/wp\/v2\/product_tag?post=35033"}],"curies":[{"name":"wp","href":"https:\/\/api.w.org\/{rel}","templated":true}]}}