{"id":35081,"date":"2026-02-23T14:05:05","date_gmt":"2026-02-23T13:05:05","guid":{"rendered":"https:\/\/reyma-mobiliario.com\/?post_type=product&#038;p=35081"},"modified":"2026-04-01T09:05:16","modified_gmt":"2026-04-01T07:05:16","slug":"table-creta","status":"publish","type":"product","link":"https:\/\/reyma-mobiliario.com\/fr\/productos\/table-creta\/","title":{"rendered":"Table Creta"},"content":{"rendered":"<div class=\"wpb-content-wrapper\">[vc_row][vc_column][vc_column_text margin_bottom=\u00a0\u00bb0&Prime; css=\u00a0\u00bb.vc_custom_1771852572328{margin-bottom: 0px !important;}\u00a0\u00bb]Polywood table pour l&rsquo;exterieur.[\/vc_column_text][\/vc_column][\/vc_row]\n<\/div>","protected":false},"excerpt":{"rendered":"<p><strong>Hauteur :<\/strong> 76 cm<\/p>\n<p><strong>Mat\u00e9riaux :<\/strong><br \/>\nPied en aluminium peint finition ch\u00eane naturel<\/p>\n<p>Plateau en polywood \u00e0 lattes<\/p>\n<p data-start=\"881\" data-end=\"1288\"><em data-start=\"898\" data-end=\"1288\"><strong>Polywood :<\/strong> Mat\u00e9riau synth\u00e9tique pour usage ext\u00e9rieur compos\u00e9 de poly\u00e9thyl\u00e8ne haute densit\u00e9 (HDPE). Il s\u2019agit d\u2019un plastique recycl\u00e9 et 100 % recyclable, avec des stabilisateurs UV pigment\u00e9s pour la couleur et des composants protecteurs m\u00e9lang\u00e9s au HDPE afin d\u2019am\u00e9liorer la r\u00e9sistance aux intemp\u00e9ries et la durabilit\u00e9. Il ne contient pas de fibres de bois naturel ; il est 100 % plastique.<\/em><\/p>\n<p data-start=\"1290\" data-end=\"1333\"><strong>Dimensions du plateau :<\/strong><br data-start=\"1313\" data-end=\"1316\" \/>80&#215;80\u00a0 \u00a0 \u00a011Kg<br \/>\n130&#215;80\u00a0 \u00a016Kg<\/p>\n<p data-start=\"1335\" data-end=\"1371\"><strong>Prochainement :<\/strong><br data-start=\"1350\" data-end=\"1353\" \/>65\u00d765 hauteur 45<\/p>\n","protected":false},"featured_media":35120,"template":"","meta":[],"product_brand":[],"product_cat":[1106,1123,1125,1110],"product_tag":[1144,1168,1166],"class_list":{"0":"post-35081","1":"product","2":"type-product","3":"status-publish","4":"has-post-thumbnail","6":"product_cat-exterieur","7":"product_cat-nouveaute","8":"product_cat-nouvelles-exterieur","9":"product_cat-tables-dexterieur","10":"product_tag-aluminium","11":"product_tag-mobilier-dexterieur","12":"product_tag-tables-fr","14":"first","15":"instock","16":"shipping-taxable","17":"purchasable","18":"product-type-variable"},"aioseo_notices":[],"_links":{"self":[{"href":"https:\/\/reyma-mobiliario.com\/fr\/wp-json\/wp\/v2\/product\/35081","targetHints":{"allow":["GET"]}}],"collection":[{"href":"https:\/\/reyma-mobiliario.com\/fr\/wp-json\/wp\/v2\/product"}],"about":[{"href":"https:\/\/reyma-mobiliario.com\/fr\/wp-json\/wp\/v2\/types\/product"}],"wp:featuredmedia":[{"embeddable":true,"href":"https:\/\/reyma-mobiliario.com\/fr\/wp-json\/wp\/v2\/media\/35120"}],"wp:attachment":[{"href":"https:\/\/reyma-mobiliario.com\/fr\/wp-json\/wp\/v2\/media?parent=35081"}],"wp:term":[{"taxonomy":"product_brand","embeddable":true,"href":"https:\/\/reyma-mobiliario.com\/fr\/wp-json\/wp\/v2\/product_brand?post=35081"},{"taxonomy":"product_cat","embeddable":true,"href":"https:\/\/reyma-mobiliario.com\/fr\/wp-json\/wp\/v2\/product_cat?post=35081"},{"taxonomy":"product_tag","embeddable":true,"href":"https:\/\/reyma-mobiliario.com\/fr\/wp-json\/wp\/v2\/product_tag?post=35081"}],"curies":[{"name":"wp","href":"https:\/\/api.w.org\/{rel}","templated":true}]}}