{"id":35239,"date":"2026-02-25T10:00:48","date_gmt":"2026-02-25T09:00:48","guid":{"rendered":"https:\/\/reyma-mobiliario.com\/?post_type=product&#038;p=35239"},"modified":"2026-03-26T14:30:54","modified_gmt":"2026-03-26T13:30:54","slug":"chaise-malibu","status":"publish","type":"product","link":"https:\/\/reyma-mobiliario.com\/fr\/productos\/chaise-malibu\/","title":{"rendered":"Chaise Malibu"},"content":{"rendered":"<div class=\"wpb-content-wrapper\">[vc_row][vc_column][vc_column_text margin_bottom=\u00a0\u00bb0&Prime; css=\u00a0\u00bb.vc_custom_1772694284336{margin-bottom: 0px !important;}\u00a0\u00bb]Chaise avec une inclinaison semi-prononc\u00e9e du dossier, une pi\u00e8ce qui transforme tout espace lounge, terrasse ou living, \u00e9voquant un style de vie d\u00e9tendu dans les h\u00f4tels, restaurants ou beach clubs.[\/vc_column_text][\/vc_column][\/vc_row]\n<\/div>","protected":false},"excerpt":{"rendered":"<p><strong> Poids: <\/strong> 4 kg.<\/p>\n<p><strong> Mat\u00e9riaux: <\/strong><br \/>\nStructure en aluminium peint finition Deco Ch\u00eane Naturel.<br data-start=\"431\" data-end=\"434\" \/>Rope cr\u00e8me.<br \/>\nCoussin inclus.<\/p>\n<p>Empilable.<\/p>\n<p><strong>Dimensions<\/strong>:<br \/>\n<img loading=\"lazy\" decoding=\"async\" class=\"alignnone size-full wp-image-11924\" src=\"https:\/\/reyma-mobiliario.com\/wp-content\/uploads\/2026\/03\/malibu_crema.jpg\" alt=\"Dimensiones chaise malibu REYMA\" width=\"120\" height=\"120\" \/><\/p>\n","protected":false},"featured_media":35244,"template":"","meta":[],"product_brand":[],"product_cat":[1106,1112,1123,1125],"product_tag":[1348,2416],"class_list":{"0":"post-35239","1":"product","2":"type-product","3":"status-publish","4":"has-post-thumbnail","6":"product_cat-exterieur","7":"product_cat-fauteuils-dexterieur","8":"product_cat-nouveaute","9":"product_cat-nouvelles-exterieur","10":"product_tag-chaises-dexterieur","11":"product_tag-nouevau-2026","13":"first","14":"instock","15":"featured","16":"shipping-taxable","17":"product-type-simple"},"aioseo_notices":[],"_links":{"self":[{"href":"https:\/\/reyma-mobiliario.com\/fr\/wp-json\/wp\/v2\/product\/35239","targetHints":{"allow":["GET"]}}],"collection":[{"href":"https:\/\/reyma-mobiliario.com\/fr\/wp-json\/wp\/v2\/product"}],"about":[{"href":"https:\/\/reyma-mobiliario.com\/fr\/wp-json\/wp\/v2\/types\/product"}],"wp:featuredmedia":[{"embeddable":true,"href":"https:\/\/reyma-mobiliario.com\/fr\/wp-json\/wp\/v2\/media\/35244"}],"wp:attachment":[{"href":"https:\/\/reyma-mobiliario.com\/fr\/wp-json\/wp\/v2\/media?parent=35239"}],"wp:term":[{"taxonomy":"product_brand","embeddable":true,"href":"https:\/\/reyma-mobiliario.com\/fr\/wp-json\/wp\/v2\/product_brand?post=35239"},{"taxonomy":"product_cat","embeddable":true,"href":"https:\/\/reyma-mobiliario.com\/fr\/wp-json\/wp\/v2\/product_cat?post=35239"},{"taxonomy":"product_tag","embeddable":true,"href":"https:\/\/reyma-mobiliario.com\/fr\/wp-json\/wp\/v2\/product_tag?post=35239"}],"curies":[{"name":"wp","href":"https:\/\/api.w.org\/{rel}","templated":true}]}}