{"id":35311,"date":"2026-02-18T10:00:57","date_gmt":"2026-02-18T09:00:57","guid":{"rendered":"https:\/\/reyma-mobiliario.com\/?post_type=product&#038;p=35311"},"modified":"2026-03-26T14:39:02","modified_gmt":"2026-03-26T13:39:02","slug":"fauteuil-granada","status":"publish","type":"product","link":"https:\/\/reyma-mobiliario.com\/fr\/productos\/fauteuil-granada\/","title":{"rendered":"Fauteuil Granda"},"content":{"rendered":"<div class=\"wpb-content-wrapper\">[vc_row][vc_column][vc_column_text margin_bottom=\u00a0\u00bb0&Prime; css=\u00a0\u00bb.vc_custom_1773319000504{margin-bottom: 0px !important;}\u00a0\u00bb]Fauteuil avec une touche andalouse, tress\u00e9 en deux couleurs. Parfait pour les h\u00f4tels de caract\u00e8re, les rooftops urbains et les restaurants qui marquent les tendances, car les espaces d\u2019exception commencent par des pi\u00e8ces d\u2019exception.[\/vc_column_text][\/vc_column][\/vc_row]\n<\/div>","protected":false},"excerpt":{"rendered":"<p data-start=\"402\" data-end=\"423\"><strong data-start=\"402\" data-end=\"413\">Poids :<\/strong> 4,15 kg<\/p>\n<p data-start=\"425\" data-end=\"550\"><strong data-start=\"425\" data-end=\"440\">Mat\u00e9riaux :<\/strong><br data-start=\"440\" data-end=\"443\" \/>Structure en aluminium finition <strong data-start=\"475\" data-end=\"498\">d\u00e9cor Ch\u00eane Naturel<\/strong><br \/>\nAssise et dossier en <strong data-start=\"525\" data-end=\"547\">rope cr\u00e8me et noir<\/strong>.<\/p>\n<p><strong>Empilable<\/strong><\/p>\n<p><strong>Dimensions<\/strong>:<br \/>\n<img loading=\"lazy\" decoding=\"async\" class=\"alignnone size-full wp-image-11924\" src=\"https:\/\/reyma-mobiliario.com\/wp-content\/uploads\/2026\/03\/granada-sillon.jpg\" alt=\"Dimensiones sill\u00f3n Granada REYMA\" width=\"120\" height=\"120\" \/><\/p>\n","protected":false},"featured_media":35314,"template":"","meta":[],"product_brand":[],"product_cat":[1106,1112,1123,1125],"product_tag":[1361,1168,2416,2424],"class_list":{"0":"post-35311","1":"product","2":"type-product","3":"status-publish","4":"has-post-thumbnail","6":"product_cat-exterieur","7":"product_cat-fauteuils-dexterieur","8":"product_cat-nouveaute","9":"product_cat-nouvelles-exterieur","10":"product_tag-fauteuils-dexterieur","11":"product_tag-mobilier-dexterieur","12":"product_tag-nouevau-2026","13":"product_tag-serie-granada-fr","15":"first","16":"instock","17":"featured","18":"shipping-taxable","19":"product-type-simple"},"aioseo_notices":[],"_links":{"self":[{"href":"https:\/\/reyma-mobiliario.com\/fr\/wp-json\/wp\/v2\/product\/35311","targetHints":{"allow":["GET"]}}],"collection":[{"href":"https:\/\/reyma-mobiliario.com\/fr\/wp-json\/wp\/v2\/product"}],"about":[{"href":"https:\/\/reyma-mobiliario.com\/fr\/wp-json\/wp\/v2\/types\/product"}],"wp:featuredmedia":[{"embeddable":true,"href":"https:\/\/reyma-mobiliario.com\/fr\/wp-json\/wp\/v2\/media\/35314"}],"wp:attachment":[{"href":"https:\/\/reyma-mobiliario.com\/fr\/wp-json\/wp\/v2\/media?parent=35311"}],"wp:term":[{"taxonomy":"product_brand","embeddable":true,"href":"https:\/\/reyma-mobiliario.com\/fr\/wp-json\/wp\/v2\/product_brand?post=35311"},{"taxonomy":"product_cat","embeddable":true,"href":"https:\/\/reyma-mobiliario.com\/fr\/wp-json\/wp\/v2\/product_cat?post=35311"},{"taxonomy":"product_tag","embeddable":true,"href":"https:\/\/reyma-mobiliario.com\/fr\/wp-json\/wp\/v2\/product_tag?post=35311"}],"curies":[{"name":"wp","href":"https:\/\/api.w.org\/{rel}","templated":true}]}}