{"id":35596,"date":"2026-02-17T10:00:36","date_gmt":"2026-02-17T09:00:36","guid":{"rendered":"https:\/\/reyma-mobiliario.com\/?post_type=product&#038;p=35596"},"modified":"2026-03-31T13:40:44","modified_gmt":"2026-03-31T11:40:44","slug":"fauteuil-roseton-luxe","status":"publish","type":"product","link":"https:\/\/reyma-mobiliario.com\/fr\/productos\/fauteuil-roseton-luxe\/","title":{"rendered":"Fauteuil Roset\u00f3n Luxe"},"content":{"rendered":"<div class=\"wpb-content-wrapper\">[vc_row][vc_column][vc_column_text margin_bottom=\u00a0\u00bb0&Prime; css=\u00a0\u00bb.vc_custom_1774271883446{margin-bottom: 0px !important;}\u00a0\u00bb]Fauteuil \u00e0 structure r\u00e9sistante et l\u00e9g\u00e8re, tissage tricolore et empilable.[\/vc_column_text][\/vc_column][\/vc_row]\n<\/div>","protected":false},"excerpt":{"rendered":"<p><strong> Poids: <\/strong>4,30Kg<\/p>\n<p><strong> Mat\u00e9riaux: <\/strong><br \/>\nStructure en aluminium peint deco Ch\u00eane Naturel<br \/>\nAssise et dossier vert, creme et noir.<\/p>\n<p><strong>Empilable<\/strong><\/p>\n<p><strong>Dimensions<\/strong>:<br \/>\n<img loading=\"lazy\" decoding=\"async\" class=\"alignnone size-full wp-image-11924\" src=\"https:\/\/reyma-mobiliario.com\/wp-content\/uploads\/2025\/01\/2025-roseton-sillon.jpg\" alt=\"Dimensions fauteuil Roseton REYMA\" width=\"120\" height=\"120\" \/><\/p>\n","protected":false},"featured_media":35579,"template":"","meta":[],"product_brand":[],"product_cat":[1106,1112,1123,1125],"product_tag":[1361,1168,2416,2192],"class_list":{"0":"post-35596","1":"product","2":"type-product","3":"status-publish","4":"has-post-thumbnail","6":"product_cat-exterieur","7":"product_cat-fauteuils-dexterieur","8":"product_cat-nouveaute","9":"product_cat-nouvelles-exterieur","10":"product_tag-fauteuils-dexterieur","11":"product_tag-mobilier-dexterieur","12":"product_tag-nouevau-2026","13":"product_tag-serie-roseton-fr","15":"first","16":"instock","17":"shipping-taxable","18":"product-type-simple"},"aioseo_notices":[],"_links":{"self":[{"href":"https:\/\/reyma-mobiliario.com\/fr\/wp-json\/wp\/v2\/product\/35596","targetHints":{"allow":["GET"]}}],"collection":[{"href":"https:\/\/reyma-mobiliario.com\/fr\/wp-json\/wp\/v2\/product"}],"about":[{"href":"https:\/\/reyma-mobiliario.com\/fr\/wp-json\/wp\/v2\/types\/product"}],"wp:featuredmedia":[{"embeddable":true,"href":"https:\/\/reyma-mobiliario.com\/fr\/wp-json\/wp\/v2\/media\/35579"}],"wp:attachment":[{"href":"https:\/\/reyma-mobiliario.com\/fr\/wp-json\/wp\/v2\/media?parent=35596"}],"wp:term":[{"taxonomy":"product_brand","embeddable":true,"href":"https:\/\/reyma-mobiliario.com\/fr\/wp-json\/wp\/v2\/product_brand?post=35596"},{"taxonomy":"product_cat","embeddable":true,"href":"https:\/\/reyma-mobiliario.com\/fr\/wp-json\/wp\/v2\/product_cat?post=35596"},{"taxonomy":"product_tag","embeddable":true,"href":"https:\/\/reyma-mobiliario.com\/fr\/wp-json\/wp\/v2\/product_tag?post=35596"}],"curies":[{"name":"wp","href":"https:\/\/api.w.org\/{rel}","templated":true}]}}