{"id":35609,"date":"2026-02-26T10:00:31","date_gmt":"2026-02-26T09:00:31","guid":{"rendered":"https:\/\/reyma-mobiliario.com\/?post_type=product&#038;p=35609"},"modified":"2026-03-26T14:20:20","modified_gmt":"2026-03-26T13:20:20","slug":"chaise-sidney","status":"publish","type":"product","link":"https:\/\/reyma-mobiliario.com\/fr\/productos\/chaise-sidney\/","title":{"rendered":"Chaise Sidney"},"content":{"rendered":"<div class=\"wpb-content-wrapper\">[vc_row][vc_column][vc_column_text margin_bottom=\u00a0\u00bb0&Prime; css=\u00a0\u00bb.vc_custom_1774272778754{margin-bottom: 0px !important;}\u00a0\u00bb]Chaise de restauration de style colonial en aluminium adapt\u00e9 \u00e0 une utilisation int\u00e9rieure et ext\u00e9rieure.[\/vc_column_text][\/vc_column][\/vc_row]\n<\/div>","protected":false},"excerpt":{"rendered":"<p><strong>Poids\u00a0: <\/strong> 3,20 kg<\/p>\n<p><strong>Mat\u00e9riaux\u00a0: <\/strong><br \/>\nCadre en aluminium peint en ch\u00eane naturel d\u00e9co.<br \/>\nSi\u00e8ge en corde cr\u00e8me ou blanc.<\/p>\n<p><strong>Empilable.<br \/>\n<\/strong><\/p>\n<p><strong>Dimensions<\/strong>\u00a0:<br \/>\n<img loading=\"lazy\" decoding=\"async\" class=\"alignnone size-full wp-image-11924\" src=\"https:\/\/reyma-mobiliario.com\/wp-content\/uploads\/2026\/03\/sidney.jpg\" alt=\"Dimensions Fauteuil Queens REYMA\" width=\"120\" height=\"120\" \/><\/p>\n","protected":false},"featured_media":35614,"template":"","meta":[],"product_brand":[],"product_cat":[1111,1106,1123,1125],"product_tag":[1168,2079,2064],"class_list":{"0":"post-35609","1":"product","2":"type-product","3":"status-publish","4":"has-post-thumbnail","6":"product_cat-chaises-dexterieur","7":"product_cat-exterieur","8":"product_cat-nouveaute","9":"product_cat-nouvelles-exterieur","10":"product_tag-mobilier-dexterieur","11":"product_tag-nouveau-2025","12":"product_tag-serie-queens-fr","14":"first","15":"instock","16":"featured","17":"shipping-taxable","18":"purchasable","19":"product-type-variable"},"aioseo_notices":[],"_links":{"self":[{"href":"https:\/\/reyma-mobiliario.com\/fr\/wp-json\/wp\/v2\/product\/35609","targetHints":{"allow":["GET"]}}],"collection":[{"href":"https:\/\/reyma-mobiliario.com\/fr\/wp-json\/wp\/v2\/product"}],"about":[{"href":"https:\/\/reyma-mobiliario.com\/fr\/wp-json\/wp\/v2\/types\/product"}],"wp:featuredmedia":[{"embeddable":true,"href":"https:\/\/reyma-mobiliario.com\/fr\/wp-json\/wp\/v2\/media\/35614"}],"wp:attachment":[{"href":"https:\/\/reyma-mobiliario.com\/fr\/wp-json\/wp\/v2\/media?parent=35609"}],"wp:term":[{"taxonomy":"product_brand","embeddable":true,"href":"https:\/\/reyma-mobiliario.com\/fr\/wp-json\/wp\/v2\/product_brand?post=35609"},{"taxonomy":"product_cat","embeddable":true,"href":"https:\/\/reyma-mobiliario.com\/fr\/wp-json\/wp\/v2\/product_cat?post=35609"},{"taxonomy":"product_tag","embeddable":true,"href":"https:\/\/reyma-mobiliario.com\/fr\/wp-json\/wp\/v2\/product_tag?post=35609"}],"curies":[{"name":"wp","href":"https:\/\/api.w.org\/{rel}","templated":true}]}}