{"id":35648,"date":"2026-02-14T10:00:18","date_gmt":"2026-02-14T09:00:18","guid":{"rendered":"https:\/\/reyma-mobiliario.com\/?post_type=product&#038;p=35648"},"modified":"2026-03-31T13:44:13","modified_gmt":"2026-03-31T11:44:13","slug":"chaise-louvre-luxe","status":"publish","type":"product","link":"https:\/\/reyma-mobiliario.com\/fr\/productos\/chaise-louvre-luxe\/","title":{"rendered":"Chaise Louvre Luxe"},"content":{"rendered":"<div class=\"wpb-content-wrapper\">[vc_row][vc_column][vc_column_text margin_bottom=\u00a0\u00bb0&Prime; css=\u00a0\u00bb.vc_custom_1774335076748{margin-bottom: 0px !important;}\u00a0\u00bb]Chaise pour l&rsquo;h\u00f4tellerie, sp\u00e9cialement con\u00e7ue pour un usage ext\u00e9rieur ou int\u00e9rieur, avec une nouvelle fa\u00e7on de tisser la moelle, combinant 3 couleurs.[\/vc_column_text][\/vc_column][\/vc_row]\n<\/div>","protected":false},"excerpt":{"rendered":"<p><strong>Poids<\/strong>: 3,90 Kg<\/p>\n<p><strong>Mat\u00e9riaux<\/strong>:<br \/>\nStructure en aluminium peint d\u00e9co ch\u00eane naturel<br \/>\nAssise en osier de 3 couleurs : Vert-Cr\u00e8me-Noir<\/p>\n<p><strong>Empilable<\/strong><\/p>\n<p><strong>Dimensions<\/strong>:<br \/>\n<img loading=\"lazy\" decoding=\"async\" class=\"alignnone size-full wp-image-11924\" src=\"https:\/\/reyma-mobiliario.com\/wp-content\/uploads\/2025\/03\/2025-louvre-silla.jpg\" alt=\"Dimensiones Silla Louvre REYMA\" width=\"120\" height=\"120\" \/><\/p>\n","protected":false},"featured_media":35659,"template":"","meta":[],"product_brand":[],"product_cat":[1111,1106,1123,1125],"product_tag":[1347,1348,2416,2231],"class_list":{"0":"post-35648","1":"product","2":"type-product","3":"status-publish","4":"has-post-thumbnail","6":"product_cat-chaises-dexterieur","7":"product_cat-exterieur","8":"product_cat-nouveaute","9":"product_cat-nouvelles-exterieur","10":"product_tag-chaises","11":"product_tag-chaises-dexterieur","12":"product_tag-nouevau-2026","13":"product_tag-serie-louvre-fr","15":"first","16":"instock","17":"shipping-taxable","18":"product-type-simple"},"aioseo_notices":[],"_links":{"self":[{"href":"https:\/\/reyma-mobiliario.com\/fr\/wp-json\/wp\/v2\/product\/35648","targetHints":{"allow":["GET"]}}],"collection":[{"href":"https:\/\/reyma-mobiliario.com\/fr\/wp-json\/wp\/v2\/product"}],"about":[{"href":"https:\/\/reyma-mobiliario.com\/fr\/wp-json\/wp\/v2\/types\/product"}],"wp:featuredmedia":[{"embeddable":true,"href":"https:\/\/reyma-mobiliario.com\/fr\/wp-json\/wp\/v2\/media\/35659"}],"wp:attachment":[{"href":"https:\/\/reyma-mobiliario.com\/fr\/wp-json\/wp\/v2\/media?parent=35648"}],"wp:term":[{"taxonomy":"product_brand","embeddable":true,"href":"https:\/\/reyma-mobiliario.com\/fr\/wp-json\/wp\/v2\/product_brand?post=35648"},{"taxonomy":"product_cat","embeddable":true,"href":"https:\/\/reyma-mobiliario.com\/fr\/wp-json\/wp\/v2\/product_cat?post=35648"},{"taxonomy":"product_tag","embeddable":true,"href":"https:\/\/reyma-mobiliario.com\/fr\/wp-json\/wp\/v2\/product_tag?post=35648"}],"curies":[{"name":"wp","href":"https:\/\/api.w.org\/{rel}","templated":true}]}}