{"id":35681,"date":"2026-02-06T10:00:00","date_gmt":"2026-02-06T09:00:00","guid":{"rendered":"https:\/\/reyma-mobiliario.com\/?post_type=product&#038;p=35681"},"modified":"2026-03-31T14:17:51","modified_gmt":"2026-03-31T12:17:51","slug":"tabouret-charlotte-luxe","status":"publish","type":"product","link":"https:\/\/reyma-mobiliario.com\/fr\/productos\/tabouret-charlotte-luxe\/","title":{"rendered":"Tabouret Charlotte Luxe"},"content":{"rendered":"<div class=\"wpb-content-wrapper\">[vc_row][vc_column][vc_column_text margin_bottom=\u00a0\u00bb0&Prime; css=\u00a0\u00bb.vc_custom_1774338017982{margin-bottom: 0px !important;}\u00a0\u00bb]Tabouret pour l&rsquo;ext\u00e9rieur sans dossier. Avec osier tiss\u00e9 synth\u00e9tique.[\/vc_column_text][\/vc_column][\/vc_row]\n<\/div>","protected":false},"excerpt":{"rendered":"<p><strong> Poids: <\/strong> 2,95 kg<\/p>\n<p><strong> Mat\u00e9riaux <\/strong>:<br \/>\nCadre en aluminium peint d\u00e9co ch\u00eane naturel avec si\u00e8ge osier Vert-Creme-Noir<\/p>\n<p><strong>Dimensions<\/strong>:<\/p>\n<p><img loading=\"lazy\" decoding=\"async\" class=\"alignnone size-full wp-image-11924\" src=\"https:\/\/reyma-mobiliario.com\/wp-content\/uploads\/2025\/03\/2025-charlotte-banqueta-sr.jpg\" alt=\"Dimensions Tabouret Charlotte REYMA\" width=\"120\" height=\"120\" \/><\/p>\n","protected":false},"featured_media":35688,"template":"","meta":[],"product_brand":[],"product_cat":[1106,1123,1125,1107],"product_tag":[1168,2416,1221,1147],"class_list":{"0":"post-35681","1":"product","2":"type-product","3":"status-publish","4":"has-post-thumbnail","6":"product_cat-exterieur","7":"product_cat-nouveaute","8":"product_cat-nouvelles-exterieur","9":"product_cat-tabouret-dexterieur","10":"product_tag-mobilier-dexterieur","11":"product_tag-nouevau-2026","12":"product_tag-serie-charlotte-fr","13":"product_tag-tabourets","15":"first","16":"instock","17":"shipping-taxable","18":"product-type-simple"},"aioseo_notices":[],"_links":{"self":[{"href":"https:\/\/reyma-mobiliario.com\/fr\/wp-json\/wp\/v2\/product\/35681","targetHints":{"allow":["GET"]}}],"collection":[{"href":"https:\/\/reyma-mobiliario.com\/fr\/wp-json\/wp\/v2\/product"}],"about":[{"href":"https:\/\/reyma-mobiliario.com\/fr\/wp-json\/wp\/v2\/types\/product"}],"wp:featuredmedia":[{"embeddable":true,"href":"https:\/\/reyma-mobiliario.com\/fr\/wp-json\/wp\/v2\/media\/35688"}],"wp:attachment":[{"href":"https:\/\/reyma-mobiliario.com\/fr\/wp-json\/wp\/v2\/media?parent=35681"}],"wp:term":[{"taxonomy":"product_brand","embeddable":true,"href":"https:\/\/reyma-mobiliario.com\/fr\/wp-json\/wp\/v2\/product_brand?post=35681"},{"taxonomy":"product_cat","embeddable":true,"href":"https:\/\/reyma-mobiliario.com\/fr\/wp-json\/wp\/v2\/product_cat?post=35681"},{"taxonomy":"product_tag","embeddable":true,"href":"https:\/\/reyma-mobiliario.com\/fr\/wp-json\/wp\/v2\/product_tag?post=35681"}],"curies":[{"name":"wp","href":"https:\/\/api.w.org\/{rel}","templated":true}]}}