{"id":35898,"date":"2026-03-23T10:00:49","date_gmt":"2026-03-23T09:00:49","guid":{"rendered":"https:\/\/reyma-mobiliario.com\/?post_type=product&#038;p=35898"},"modified":"2026-03-25T10:04:19","modified_gmt":"2026-03-25T09:04:19","slug":"fauteuil-melbourne","status":"publish","type":"product","link":"https:\/\/reyma-mobiliario.com\/fr\/productos\/fauteuil-melbourne\/","title":{"rendered":"Fauteuil Melbourne"},"content":{"rendered":"<div class=\"wpb-content-wrapper\">[vc_row][vc_column][vc_column_text margin_bottom=\u00a0\u00bb0&Prime; css=\u00a0\u00bb.vc_custom_1774358371241{margin-bottom: 0px !important;}\u00a0\u00bb]<span data-path-to-node=\"0,2,1,0\">Le fauteuil Melbourne de style lounge transforme n&rsquo;importe quel espace en cr\u00e9ant une ambiance sophistiqu\u00e9e et fra\u00eeche, pleine de caract\u00e8re.<\/span>[\/vc_column_text][\/vc_column][\/vc_row]\n<\/div>","protected":false},"excerpt":{"rendered":"<p><strong>Poids :<\/strong> 4,80 kg<\/p>\n<p><strong>Mat\u00e9riaux :<\/strong><br \/>\nStructure en aluminium peint jade.<br \/>\nDossier en corde jade.<br \/>\nCoussin en tissu Ol\u00e9fine couleur jade.<\/p>\n<p>Structure en aluminium peint terre cuite.<br \/>\nDossier en corde terre cuite.<br \/>\nCoussin en tissu Ol\u00e9fine couleur terre cuite.<\/p>\n<p>Structure en aluminium peint lin.<br \/>\nDossier en corde lin.<br \/>\nCoussin en tissu Ol\u00e9fine couleur lin.<\/p>\n<p><strong>Dimensions<\/strong>\u00a0:<br \/>\n<img loading=\"lazy\" decoding=\"async\" class=\"alignnone size-full wp-image-11924\" src=\"https:\/\/reyma-mobiliario.com\/wp-content\/uploads\/2026\/03\/melbourne_sillon.jpg\" alt=\"Dimensions du fauteuil melbourne REYMA\" width=\"120\" height=\"120\" \/><\/p>\n","protected":false},"featured_media":35906,"template":"","meta":[],"product_brand":[],"product_cat":[1106,1112,1123,1125],"product_tag":[1361,2416],"class_list":{"0":"post-35898","1":"product","2":"type-product","3":"status-publish","4":"has-post-thumbnail","6":"product_cat-exterieur","7":"product_cat-fauteuils-dexterieur","8":"product_cat-nouveaute","9":"product_cat-nouvelles-exterieur","10":"product_tag-fauteuils-dexterieur","11":"product_tag-nouevau-2026","13":"first","14":"instock","15":"featured","16":"shipping-taxable","17":"purchasable","18":"product-type-variable"},"aioseo_notices":[],"_links":{"self":[{"href":"https:\/\/reyma-mobiliario.com\/fr\/wp-json\/wp\/v2\/product\/35898","targetHints":{"allow":["GET"]}}],"collection":[{"href":"https:\/\/reyma-mobiliario.com\/fr\/wp-json\/wp\/v2\/product"}],"about":[{"href":"https:\/\/reyma-mobiliario.com\/fr\/wp-json\/wp\/v2\/types\/product"}],"wp:featuredmedia":[{"embeddable":true,"href":"https:\/\/reyma-mobiliario.com\/fr\/wp-json\/wp\/v2\/media\/35906"}],"wp:attachment":[{"href":"https:\/\/reyma-mobiliario.com\/fr\/wp-json\/wp\/v2\/media?parent=35898"}],"wp:term":[{"taxonomy":"product_brand","embeddable":true,"href":"https:\/\/reyma-mobiliario.com\/fr\/wp-json\/wp\/v2\/product_brand?post=35898"},{"taxonomy":"product_cat","embeddable":true,"href":"https:\/\/reyma-mobiliario.com\/fr\/wp-json\/wp\/v2\/product_cat?post=35898"},{"taxonomy":"product_tag","embeddable":true,"href":"https:\/\/reyma-mobiliario.com\/fr\/wp-json\/wp\/v2\/product_tag?post=35898"}],"curies":[{"name":"wp","href":"https:\/\/api.w.org\/{rel}","templated":true}]}}